{"id":3094,"date":"2025-04-09T12:32:37","date_gmt":"2025-04-09T10:32:37","guid":{"rendered":"https:\/\/guides-megeve.com\/?page_id=3094"},"modified":"2025-04-24T16:45:07","modified_gmt":"2025-04-24T14:45:07","slug":"fishing-in-the-mountains-2","status":"publish","type":"page","link":"https:\/\/guides-megeve.com\/en\/fishing-in-the-mountains-2\/","title":{"rendered":"Multi-activity course for teens"},"content":{"rendered":"<div class=\"wpb-content-wrapper\">[vc_row full_width=&#8221;stretch_row_content&#8221; column_spacing=&#8221;10&#8243; tablet_fullwidth_cols=&#8221;yes&#8221; css=&#8221;.vc_custom_1695130235063{padding-bottom: 50px !important;background-color: #f2f2f2 !important;}&#8221;][vc_column][vc_single_image image=&#8221;3097&#8243; img_size=&#8221;1920&#215;300&#8243; alignment=&#8221;center&#8221; css=&#8221;&#8221;][\/vc_column][\/vc_row][vc_row full_width=&#8221;stretch_row_content_no_spaces&#8221; column_spacing=&#8221;20&#8243; tablet_fullwidth_cols=&#8221;yes&#8221; css=&#8221;.vc_custom_1695126066904{background-color: #f2f2f2 !important;}&#8221;][vc_column]<div id=\"ult-easy-separator-108950896169d7aff2b2815\" class=\"ult-easy-separator-wrapper ult-responsive ult-top-easy-separator ult-easy-separator-no-default \" style=\"transform: translate(-50%,-108%)!important;-ms-transform: translate(-50%,-108%)!important;-webkit-transform: translate(-50%,-108%)!important;\" data-vc-row=\"wpb_row\"  data-ultimate-target='#ult-easy-separator-108950896169d7aff2b2815'  data-responsive-json-new='{\"width\":\"desktop:1920px;tablet:1600px;tablet_portrait:1400px;\"}' ><div class=\"ult-easy-separator-inner-wrapper\"><div class=\"ult-no-animation\" style=\"opacity:0;\"   ><img class=\"ult-easy-separator-img\" alt=\"null\" src=\"https:\/\/guides-megeve.com\/wp-content\/uploads\/2023\/09\/montagnes5gris.png\" \/><\/div><\/div><\/div>[\/vc_column][\/vc_row][vc_row full_width=&#8221;stretch_row&#8221; column_spacing=&#8221;20&#8243; css=&#8221;.vc_custom_1695133888147{background-color: #f2f2f2 !important;}&#8221;][vc_column][vc_column_text css=&#8221;&#8221;]\n<h1 style=\"text-align: center;\">Multi-activity course for teens<\/h1>\n[\/vc_column_text]<div class=\"vcex-module vcex-divider vcex-divider-solid vcex-divider-center wpex-mx-auto wpex-max-w-100 wpex-block wpex-h-0 wpex-border-b wpex-border-solid wpex-border-main\" style=\"width:60px;border-bottom-width:1px;border-color:#dd9933;\"><\/div><div class=\"vcex-spacing wpex-w-100 wpex-clear\"><\/div>[vc_column_text css=&#8221;&#8221;]Give your teen an unforgettable experience with our multi-activity course! Sport, leisure and discovery guaranteed.<\/p>\n<p>The Teenage Multi-activity course takes place over 5 afternoons, from Monday to Friday. We offer the following activities:<br \/>\n&#8211; Climbing<br \/>\n&#8211; Mountain biking (mountain bikes not supplied)<br \/>\n&#8211; Canyoning<br \/>\n&#8211; Hiking &#8220;Self-sufficiency in the mountains&#8221;<br \/>\n&#8211; Via Ferrata<\/p>\n<p>These internships are designed to offer a complete and enriching experience, enabling young people to have fun while developing new skills.<\/p>\n<p>&nbsp;<\/p>\n<p>Suitable for ages 12 and up<\/p>\n<p>Mountain bike hire extra.[\/vc_column_text][\/vc_column][\/vc_row][vc_row full_width=&#8221;stretch_row_content&#8221; column_spacing=&#8221;10&#8243; css=&#8221;.vc_custom_1696851914215{padding-bottom: 40px !important;background-color: #f2f2f2 !important;}&#8221;][vc_column width=&#8221;1\/3&#8243;][\/vc_column][vc_column width=&#8221;1\/3&#8243;]<style>.vcex-image-banner.vcex_69d7aff2b42b1{min-height:450px;}.vcex-image-banner.vcex_69d7aff2b42b1 .vcex-ib-caption{padding-block-end:15px;font-size:15px;font-family:Roboto, sans-serif;}.vcex-image-banner.vcex_69d7aff2b42b1 .vcex-ib-button-inner{font-family:Roboto, sans-serif;}.vcex-image-banner.vcex_69d7aff2b42b1 .vcex-ib-button-inner:hover{background:#dd9933;color:#ffffff;}<\/style><a class=\"vcex-module vcex-image-banner vcex-image-banner-has-link wpex-no-underline wpex-flex wpex-flex-col wpex-w-100 wpex-justify-center wpex-relative wpex-overflow-hidden wpex-bg-gray-900 wpex-text-white wpex-hover-text-white wpex-text-center vcex-h-zoom wpex-isolate vcex-has-button vcex_69d7aff2b42b1\" href=\"https:\/\/booking.yoplanning.pro\/d7bcfa1f-1077-4fa0-9693-27ee28822cf8\/product\/33d4314b-58bf-4a55-bb6f-250221756e11\" title=\"Contact\"><span class=\"vcex-ib-img wpex-block wpex-transition-all wpex-duration-500 wpex-bg-cover wpex-absolute wpex-inset-0\" style=\"background-image:url(https:\/\/guides-megeve.com\/wp-content\/uploads\/2025\/04\/RANDO-scaled.jpg);\"><\/span><div class=\"vcex-ib-overlay wpex-absolute wpex-inset-0 wpex-transition-all wpex-duration-500\"><div class=\"vcex-ib-overlay-bg wpex-absolute wpex-inset-0 wpex-bg-black wpex-opacity-30\"><\/div><\/div><div class=\"vcex-ib-content-wrap wpex-w-100 wpex-transition-all wpex-duration-500 wpex-py-100 wpex-px-40 wpex-relative\"><div class=\"vcex-ib-content wpex-mx-auto\"><div class=\"vcex-ib-title wpex-heading wpex-inherit-color-important\">Multi-activity course for teens<\/div><div class=\"vcex-ib-caption wpex-text-lg wpex-last-mb-0\">Fishing, an activity close to nature to discover with family and friends. Let yourself be tempted by this fun and educational activity!<\/div><div class=\"vcex-ib-button\"><span class=\"vcex-ib-button-inner theme-button outline\">Information and reservations<\/span><\/div><\/div><\/div><\/a>[\/vc_column][vc_column width=&#8221;1\/3&#8243;][\/vc_column][\/vc_row][vc_row full_width=&#8221;stretch_row&#8221; column_spacing=&#8221;10&#8243; css=&#8221;.vc_custom_1695214407333{padding-bottom: 40px !important;background-color: #f2f2f2 !important;}&#8221;][vc_column]<style>.vcex-callout.vcex_69d7aff2b7972{border-color:#dd9933;}.vcex-callout.vcex_69d7aff2b7972 .vcex-callout-link:hover{background-color:#dd9933;color:#ffffff;}<\/style><div class=\"vcex-callout vcex-module wpex-boxed with-button wpex-text-center wpex-md-text-initial wpex-md-flex wpex-md-items-center wpex-border-solid wpex-border wpex-shadow-sm vcex_69d7aff2b7972\"><div class=\"vcex-callout-caption wpex-last-mb-0 wpex-text-md wpex-mb-20 wpex-md-w-75 wpex-md-pr-20 wpex-md-mb-0\"><p>For all other inquiries, please contact us by telephone on +33(0)4 50 21 55 11 or by the contact form.<\/p>\n<\/div><div class=\"vcex-callout-button wpex-md-w-25 wpex-md-text-right\"><a href=\"https:\/\/guides-megeve.com\/contact\/\" title=\"Contact us\" class=\"vcex-callout-link theme-button outline wpex-text-center wpex-text-base\">Contact us<\/a><\/div><\/div>[\/vc_column][\/vc_row]\n<\/div>","protected":false},"excerpt":{"rendered":"<p>[vc_row full_width=&#8221;stretch_row_content&#8221; column_spacing=&#8221;10&#8243; tablet_fullwidth_cols=&#8221;yes&#8221; css=&#8221;.vc_custom_1695130235063{padding-bottom: 50px !important;background-color: #f2f2f2 !important;}&#8221;][vc_column][vc_single_image image=&#8221;3097&#8243; img_size=&#8221;1920&#215;300&#8243; alignment=&#8221;center&#8221; css=&#8221;&#8221;][\/vc_column][\/vc_row][vc_row full_width=&#8221;stretch_row_content_no_spaces&#8221; column_spacing=&#8221;20&#8243; tablet_fullwidth_cols=&#8221;yes&#8221; css=&#8221;.vc_custom_1695126066904{background-color: #f2f2f2 !important;}&#8221;][vc_column][\/vc_column][\/vc_row][vc_row full_width=&#8221;stretch_row&#8221; column_spacing=&#8221;20&#8243; css=&#8221;.vc_custom_1695133888147{background-color: #f2f2f2 !important;}&#8221;][vc_column][vc_column_text css=&#8221;&#8221;] Multi-activity course for teens [\/vc_column_text][vc_column_text css=&#8221;&#8221;]Give your teen an unforgettable experience with our multi-activity course! Sport, leisure and discovery guaranteed. The Teenage Multi-activity course takes place over 5 afternoons, from&hellip;<\/p>\n","protected":false},"author":2,"featured_media":0,"parent":0,"menu_order":0,"comment_status":"closed","ping_status":"closed","template":"","meta":{"_monsterinsights_skip_tracking":false,"_monsterinsights_sitenote_active":false,"_monsterinsights_sitenote_note":"","_monsterinsights_sitenote_category":0,"footnotes":""},"class_list":["post-3094","page","type-page","status-publish","hentry","entry","no-media"],"yoast_head":"<!-- This site is optimized with the Yoast SEO plugin v26.4 - https:\/\/yoast.com\/wordpress\/plugins\/seo\/ -->\n<title>Multi-activity course for teenagers - Bureau des guides de Meg\u00e8ve<\/title>\n<meta name=\"description\" content=\"Give your teen an unforgettable experience with our multi-activity course! Sport, leisure and discovery. Varied activities for all tastes, supervised by professionals\" \/>\n<meta name=\"robots\" content=\"index, follow, max-snippet:-1, max-image-preview:large, max-video-preview:-1\" \/>\n<link rel=\"canonical\" href=\"https:\/\/guides-megeve.com\/en\/fishing-in-the-mountains-2\/\" \/>\n<meta property=\"og:locale\" content=\"en_US\" \/>\n<meta property=\"og:type\" content=\"article\" \/>\n<meta property=\"og:title\" content=\"Multi-activity course for teenagers - Bureau des guides de Meg\u00e8ve\" \/>\n<meta property=\"og:description\" content=\"Give your teen an unforgettable experience with our multi-activity course! Sport, leisure and discovery. Varied activities for all tastes, supervised by professionals\" \/>\n<meta property=\"og:url\" content=\"https:\/\/guides-megeve.com\/en\/fishing-in-the-mountains-2\/\" \/>\n<meta property=\"og:site_name\" content=\"Bureau des Guides de Meg\u00e8ve\" \/>\n<meta property=\"article:publisher\" content=\"https:\/\/www.facebook.com\/profile.php?id=100063637980583\" \/>\n<meta property=\"article:modified_time\" content=\"2025-04-24T14:45:07+00:00\" \/>\n<meta property=\"og:image\" content=\"https:\/\/guides-megeve.com\/wp-content\/uploads\/2023\/09\/bureau-des-guides-megeve.jpg\" \/>\n\t<meta property=\"og:image:width\" content=\"1920\" \/>\n\t<meta property=\"og:image:height\" content=\"1080\" \/>\n\t<meta property=\"og:image:type\" content=\"image\/jpeg\" \/>\n<meta name=\"twitter:card\" content=\"summary_large_image\" \/>\n<meta name=\"twitter:label1\" content=\"Est. reading time\" \/>\n\t<meta name=\"twitter:data1\" content=\"2 minutes\" \/>\n<script type=\"application\/ld+json\" class=\"yoast-schema-graph\">{\"@context\":\"https:\/\/schema.org\",\"@graph\":[{\"@type\":\"WebPage\",\"@id\":\"https:\/\/guides-megeve.com\/en\/fishing-in-the-mountains-2\/\",\"url\":\"https:\/\/guides-megeve.com\/en\/fishing-in-the-mountains-2\/\",\"name\":\"Multi-activity course for teenagers - Bureau des guides de Meg\u00e8ve\",\"isPartOf\":{\"@id\":\"https:\/\/guides-megeve.com\/en\/#website\"},\"datePublished\":\"2025-04-09T10:32:37+00:00\",\"dateModified\":\"2025-04-24T14:45:07+00:00\",\"description\":\"Give your teen an unforgettable experience with our multi-activity course! Sport, leisure and discovery. Varied activities for all tastes, supervised by professionals\",\"breadcrumb\":{\"@id\":\"https:\/\/guides-megeve.com\/en\/fishing-in-the-mountains-2\/#breadcrumb\"},\"inLanguage\":\"en-US\",\"potentialAction\":[{\"@type\":\"ReadAction\",\"target\":[\"https:\/\/guides-megeve.com\/en\/fishing-in-the-mountains-2\/\"]}]},{\"@type\":\"BreadcrumbList\",\"@id\":\"https:\/\/guides-megeve.com\/en\/fishing-in-the-mountains-2\/#breadcrumb\",\"itemListElement\":[{\"@type\":\"ListItem\",\"position\":1,\"name\":\"Accueil\",\"item\":\"https:\/\/guides-megeve.com\/en\/winter-home\/\"},{\"@type\":\"ListItem\",\"position\":2,\"name\":\"Multi-activity course for teens\"}]},{\"@type\":\"WebSite\",\"@id\":\"https:\/\/guides-megeve.com\/en\/#website\",\"url\":\"https:\/\/guides-megeve.com\/en\/\",\"name\":\"Bureau des Guides de Meg\u00e8ve\",\"description\":\"Guides et accompagnateurs en Montagne \u00e0 Meg\u00e8ve\",\"publisher\":{\"@id\":\"https:\/\/guides-megeve.com\/en\/#organization\"},\"potentialAction\":[{\"@type\":\"SearchAction\",\"target\":{\"@type\":\"EntryPoint\",\"urlTemplate\":\"https:\/\/guides-megeve.com\/en\/?s={search_term_string}\"},\"query-input\":{\"@type\":\"PropertyValueSpecification\",\"valueRequired\":true,\"valueName\":\"search_term_string\"}}],\"inLanguage\":\"en-US\"},{\"@type\":\"Organization\",\"@id\":\"https:\/\/guides-megeve.com\/en\/#organization\",\"name\":\"Bureau des Guides de Meg\u00e8ve\",\"url\":\"https:\/\/guides-megeve.com\/en\/\",\"logo\":{\"@type\":\"ImageObject\",\"inLanguage\":\"en-US\",\"@id\":\"https:\/\/guides-megeve.com\/en\/#\/schema\/logo\/image\/\",\"url\":\"https:\/\/bureaudesguidesmegeve.fr\/wp-content\/uploads\/2023\/11\/logo-guides-gris.png\",\"contentUrl\":\"https:\/\/bureaudesguidesmegeve.fr\/wp-content\/uploads\/2023\/11\/logo-guides-gris.png\",\"width\":500,\"height\":500,\"caption\":\"Bureau des Guides de Meg\u00e8ve\"},\"image\":{\"@id\":\"https:\/\/guides-megeve.com\/en\/#\/schema\/logo\/image\/\"},\"sameAs\":[\"https:\/\/www.facebook.com\/profile.php?id=100063637980583\",\"https:\/\/www.instagram.com\/guidesdemegeve\/\"]}]}<\/script>\n<!-- \/ Yoast SEO plugin. -->","yoast_head_json":{"title":"Multi-activity course for teenagers - Bureau des guides de Meg\u00e8ve","description":"Give your teen an unforgettable experience with our multi-activity course! Sport, leisure and discovery. Varied activities for all tastes, supervised by professionals","robots":{"index":"index","follow":"follow","max-snippet":"max-snippet:-1","max-image-preview":"max-image-preview:large","max-video-preview":"max-video-preview:-1"},"canonical":"https:\/\/guides-megeve.com\/en\/fishing-in-the-mountains-2\/","og_locale":"en_US","og_type":"article","og_title":"Multi-activity course for teenagers - Bureau des guides de Meg\u00e8ve","og_description":"Give your teen an unforgettable experience with our multi-activity course! Sport, leisure and discovery. Varied activities for all tastes, supervised by professionals","og_url":"https:\/\/guides-megeve.com\/en\/fishing-in-the-mountains-2\/","og_site_name":"Bureau des Guides de Meg\u00e8ve","article_publisher":"https:\/\/www.facebook.com\/profile.php?id=100063637980583","article_modified_time":"2025-04-24T14:45:07+00:00","og_image":[{"width":1920,"height":1080,"url":"https:\/\/guides-megeve.com\/wp-content\/uploads\/2023\/09\/bureau-des-guides-megeve.jpg","type":"image\/jpeg"}],"twitter_card":"summary_large_image","twitter_misc":{"Est. reading time":"2 minutes"},"schema":{"@context":"https:\/\/schema.org","@graph":[{"@type":"WebPage","@id":"https:\/\/guides-megeve.com\/en\/fishing-in-the-mountains-2\/","url":"https:\/\/guides-megeve.com\/en\/fishing-in-the-mountains-2\/","name":"Multi-activity course for teenagers - Bureau des guides de Meg\u00e8ve","isPartOf":{"@id":"https:\/\/guides-megeve.com\/en\/#website"},"datePublished":"2025-04-09T10:32:37+00:00","dateModified":"2025-04-24T14:45:07+00:00","description":"Give your teen an unforgettable experience with our multi-activity course! Sport, leisure and discovery. Varied activities for all tastes, supervised by professionals","breadcrumb":{"@id":"https:\/\/guides-megeve.com\/en\/fishing-in-the-mountains-2\/#breadcrumb"},"inLanguage":"en-US","potentialAction":[{"@type":"ReadAction","target":["https:\/\/guides-megeve.com\/en\/fishing-in-the-mountains-2\/"]}]},{"@type":"BreadcrumbList","@id":"https:\/\/guides-megeve.com\/en\/fishing-in-the-mountains-2\/#breadcrumb","itemListElement":[{"@type":"ListItem","position":1,"name":"Accueil","item":"https:\/\/guides-megeve.com\/en\/winter-home\/"},{"@type":"ListItem","position":2,"name":"Multi-activity course for teens"}]},{"@type":"WebSite","@id":"https:\/\/guides-megeve.com\/en\/#website","url":"https:\/\/guides-megeve.com\/en\/","name":"Bureau des Guides de Meg\u00e8ve","description":"Guides et accompagnateurs en Montagne \u00e0 Meg\u00e8ve","publisher":{"@id":"https:\/\/guides-megeve.com\/en\/#organization"},"potentialAction":[{"@type":"SearchAction","target":{"@type":"EntryPoint","urlTemplate":"https:\/\/guides-megeve.com\/en\/?s={search_term_string}"},"query-input":{"@type":"PropertyValueSpecification","valueRequired":true,"valueName":"search_term_string"}}],"inLanguage":"en-US"},{"@type":"Organization","@id":"https:\/\/guides-megeve.com\/en\/#organization","name":"Bureau des Guides de Meg\u00e8ve","url":"https:\/\/guides-megeve.com\/en\/","logo":{"@type":"ImageObject","inLanguage":"en-US","@id":"https:\/\/guides-megeve.com\/en\/#\/schema\/logo\/image\/","url":"https:\/\/bureaudesguidesmegeve.fr\/wp-content\/uploads\/2023\/11\/logo-guides-gris.png","contentUrl":"https:\/\/bureaudesguidesmegeve.fr\/wp-content\/uploads\/2023\/11\/logo-guides-gris.png","width":500,"height":500,"caption":"Bureau des Guides de Meg\u00e8ve"},"image":{"@id":"https:\/\/guides-megeve.com\/en\/#\/schema\/logo\/image\/"},"sameAs":["https:\/\/www.facebook.com\/profile.php?id=100063637980583","https:\/\/www.instagram.com\/guidesdemegeve\/"]}]}},"_links":{"self":[{"href":"https:\/\/guides-megeve.com\/en\/wp-json\/wp\/v2\/pages\/3094","targetHints":{"allow":["GET"]}}],"collection":[{"href":"https:\/\/guides-megeve.com\/en\/wp-json\/wp\/v2\/pages"}],"about":[{"href":"https:\/\/guides-megeve.com\/en\/wp-json\/wp\/v2\/types\/page"}],"author":[{"embeddable":true,"href":"https:\/\/guides-megeve.com\/en\/wp-json\/wp\/v2\/users\/2"}],"replies":[{"embeddable":true,"href":"https:\/\/guides-megeve.com\/en\/wp-json\/wp\/v2\/comments?post=3094"}],"version-history":[{"count":0,"href":"https:\/\/guides-megeve.com\/en\/wp-json\/wp\/v2\/pages\/3094\/revisions"}],"wp:attachment":[{"href":"https:\/\/guides-megeve.com\/en\/wp-json\/wp\/v2\/media?parent=3094"}],"curies":[{"name":"wp","href":"https:\/\/api.w.org\/{rel}","templated":true}]}}