{"id":2812,"date":"2024-11-29T10:55:03","date_gmt":"2024-11-29T09:55:03","guid":{"rendered":"https:\/\/guides-megeve.com\/?page_id=2812"},"modified":"2026-01-14T10:36:12","modified_gmt":"2026-01-14T09:36:12","slug":"gift-vouchers","status":"publish","type":"page","link":"https:\/\/guides-megeve.com\/en\/gift-vouchers\/","title":{"rendered":"Partners"},"content":{"rendered":"<div class=\"wpb-content-wrapper\">[vc_row full_width=&#8221;stretch_row_content&#8221; column_spacing=&#8221;10&#8243; tablet_fullwidth_cols=&#8221;yes&#8221; css=&#8221;.vc_custom_1695130235063{padding-bottom: 50px !important;background-color: #f2f2f2 !important;}&#8221;][vc_column][vc_single_image image=&#8221;855&#8243; img_size=&#8221;1920&#215;300&#8243; alignment=&#8221;center&#8221;][\/vc_column][\/vc_row][vc_row full_width=&#8221;stretch_row_content_no_spaces&#8221; column_spacing=&#8221;20&#8243; tablet_fullwidth_cols=&#8221;yes&#8221; css=&#8221;.vc_custom_1695126066904{background-color: #f2f2f2 !important;}&#8221;][vc_column]<div id=\"ult-easy-separator-28518345869d79ed152c93\" class=\"ult-easy-separator-wrapper ult-responsive ult-top-easy-separator ult-easy-separator-no-default \" style=\"transform: translate(-50%,-108%)!important;-ms-transform: translate(-50%,-108%)!important;-webkit-transform: translate(-50%,-108%)!important;\" data-vc-row=\"wpb_row\"  data-ultimate-target='#ult-easy-separator-28518345869d79ed152c93'  data-responsive-json-new='{\"width\":\"desktop:1920px;tablet:1600px;tablet_portrait:1400px;\"}' ><div class=\"ult-easy-separator-inner-wrapper\"><div class=\"ult-no-animation\" style=\"opacity:0;\"   ><img class=\"ult-easy-separator-img\" alt=\"null\" src=\"https:\/\/guides-megeve.com\/wp-content\/uploads\/2023\/09\/montagnes5gris.png\" \/><\/div><\/div><\/div>[vc_column_text css=&#8221;&#8221;]\n<h1 style=\"text-align: center;\">Partners of the Bureau des Guides de Meg\u00e8ve: Collaboration for Adventure<\/h1>\n[\/vc_column_text][vc_empty_space][\/vc_column][\/vc_row][vc_row full_width=&#8221;stretch_row_content&#8221; column_spacing=&#8221;10&#8243; css=&#8221;.vc_custom_1696851914215{padding-bottom: 40px !important;background-color: #f2f2f2 !important;}&#8221;][vc_column width=&#8221;1\/3&#8243;]<style>.vcex-image-banner.vcex_69d79ed1536a9{min-height:450px;}.vcex-image-banner.vcex_69d79ed1536a9 .vcex-ib-caption{padding-block-end:15px;font-size:15px;font-family:Roboto, sans-serif;}<\/style><a class=\"vcex-module vcex-image-banner vcex-image-banner-has-link wpex-no-underline wpex-flex wpex-flex-col wpex-w-100 wpex-justify-center wpex-relative wpex-overflow-hidden wpex-bg-gray-900 wpex-text-white wpex-hover-text-white wpex-text-center vcex-h-zoom wpex-isolate vcex_69d79ed1536a9\" href=\"https:\/\/cairn-sport.com\/fr_FR\/\" title=\"CAIRN\"><span class=\"vcex-ib-img wpex-block wpex-transition-all wpex-duration-500 wpex-bg-cover wpex-absolute wpex-inset-0\" style=\"background-image:url(https:\/\/guides-megeve.com\/wp-content\/uploads\/2026\/01\/Logo_Vuarnet-1536x1536.png);\"><\/span><div class=\"vcex-ib-overlay wpex-absolute wpex-inset-0 wpex-transition-all wpex-duration-500\"><div class=\"vcex-ib-overlay-bg wpex-absolute wpex-inset-0 wpex-bg-black wpex-opacity-30\"><\/div><\/div><div class=\"vcex-ib-content-wrap wpex-w-100 wpex-transition-all wpex-duration-500 wpex-py-100 wpex-px-40 wpex-relative\"><div class=\"vcex-ib-content wpex-mx-auto\"><\/div><\/div><\/a>[\/vc_column][vc_column width=&#8221;1\/3&#8243;]<style>.vcex-image-banner.vcex_69d79ed156a6e{min-height:450px;}.vcex-image-banner.vcex_69d79ed156a6e .vcex-ib-caption{padding-block-end:15px;font-size:15px;font-family:Roboto, sans-serif;}<\/style><a class=\"vcex-module vcex-image-banner vcex-image-banner-has-link wpex-no-underline wpex-flex wpex-flex-col wpex-w-100 wpex-justify-center wpex-relative wpex-overflow-hidden wpex-bg-gray-900 wpex-text-white wpex-hover-text-white wpex-text-center vcex-h-zoom wpex-isolate vcex_69d79ed156a6e\" href=\"https:\/\/www.megeve-tourisme.fr\/\" title=\"office du tourisme de Meg\u00e8ve\"><span class=\"vcex-ib-img wpex-block wpex-transition-all wpex-duration-500 wpex-bg-cover wpex-absolute wpex-inset-0\" style=\"background-image:url(https:\/\/guides-megeve.com\/wp-content\/uploads\/2024\/11\/c717ebc4ec7c9e4fca42dc209949f2af.png);\"><\/span><div class=\"vcex-ib-overlay wpex-absolute wpex-inset-0 wpex-transition-all wpex-duration-500\"><div class=\"vcex-ib-overlay-bg wpex-absolute wpex-inset-0 wpex-bg-black wpex-opacity-30\"><\/div><\/div><div class=\"vcex-ib-content-wrap wpex-w-100 wpex-transition-all wpex-duration-500 wpex-py-100 wpex-px-40 wpex-relative\"><div class=\"vcex-ib-content wpex-mx-auto\"><\/div><\/div><\/a>[\/vc_column][vc_column width=&#8221;1\/3&#8243;]<style>.vcex-image-banner.vcex_69d79ed15761e{min-height:450px;}.vcex-image-banner.vcex_69d79ed15761e .vcex-ib-caption{padding-block-end:15px;font-size:15px;font-family:Roboto, sans-serif;}<\/style><a class=\"vcex-module vcex-image-banner vcex-image-banner-has-link wpex-no-underline wpex-flex wpex-flex-col wpex-w-100 wpex-justify-center wpex-relative wpex-overflow-hidden wpex-bg-gray-900 wpex-text-white wpex-hover-text-white wpex-text-center vcex-h-zoom wpex-isolate vcex_69d79ed15761e\" href=\"https:\/\/www.combloux.com\/sejourner\/informations-pratiques\/office-tourisme-combloux\/\" title=\"office du tourisme de Meg\u00e8ve\"><span class=\"vcex-ib-img wpex-block wpex-transition-all wpex-duration-500 wpex-bg-cover wpex-absolute wpex-inset-0\" style=\"background-image:url(https:\/\/guides-megeve.com\/wp-content\/uploads\/2024\/11\/021131f26b0ce91ed2f66dbc9442.png);\"><\/span><div class=\"vcex-ib-overlay wpex-absolute wpex-inset-0 wpex-transition-all wpex-duration-500\"><div class=\"vcex-ib-overlay-bg wpex-absolute wpex-inset-0 wpex-bg-black wpex-opacity-30\"><\/div><\/div><div class=\"vcex-ib-content-wrap wpex-w-100 wpex-transition-all wpex-duration-500 wpex-py-100 wpex-px-40 wpex-relative\"><div class=\"vcex-ib-content wpex-mx-auto\"><\/div><\/div><\/a>[\/vc_column][\/vc_row][vc_row full_width=&#8221;stretch_row_content&#8221; column_spacing=&#8221;10&#8243; css=&#8221;.vc_custom_1696851914215{padding-bottom: 40px !important;background-color: #f2f2f2 !important;}&#8221;][vc_column width=&#8221;1\/3&#8243;][\/vc_column][vc_column width=&#8221;1\/3&#8243;]<style>.vcex-image-banner.vcex_69d79ed15815d{min-height:450px;}.vcex-image-banner.vcex_69d79ed15815d .vcex-ib-caption{padding-block-end:15px;font-size:15px;font-family:Roboto, sans-serif;}<\/style><a class=\"vcex-module vcex-image-banner vcex-image-banner-has-link wpex-no-underline wpex-flex wpex-flex-col wpex-w-100 wpex-justify-center wpex-relative wpex-overflow-hidden wpex-bg-gray-900 wpex-text-white wpex-hover-text-white wpex-text-center vcex-h-zoom wpex-isolate vcex_69d79ed15815d\" href=\"https:\/\/www.prazsurarly.com\/fr\" title=\"CAIRN\"><span class=\"vcex-ib-img wpex-block wpex-transition-all wpex-duration-500 wpex-bg-cover wpex-absolute wpex-inset-0\" style=\"background-image:url(https:\/\/guides-megeve.com\/wp-content\/uploads\/2026\/01\/praz-sur-arly.png);\"><\/span><div class=\"vcex-ib-overlay wpex-absolute wpex-inset-0 wpex-transition-all wpex-duration-500\"><div class=\"vcex-ib-overlay-bg wpex-absolute wpex-inset-0 wpex-bg-black wpex-opacity-30\"><\/div><\/div><div class=\"vcex-ib-content-wrap wpex-w-100 wpex-transition-all wpex-duration-500 wpex-py-100 wpex-px-40 wpex-relative\"><div class=\"vcex-ib-content wpex-mx-auto\"><\/div><\/div><\/a>[\/vc_column][vc_column width=&#8221;1\/3&#8243;][\/vc_column][\/vc_row][vc_row full_width=&#8221;stretch_row&#8221; column_spacing=&#8221;20&#8243; css=&#8221;.vc_custom_1695133888147{background-color: #f2f2f2 !important;}&#8221;][vc_column width=&#8221;1\/2&#8243;][vc_single_image image=&#8221;662&#8243; css=&#8221;&#8221;][\/vc_column][vc_column width=&#8221;1\/2&#8243;][vc_column_text css=&#8221;&#8221;]\n<h1 style=\"text-align: center;\">PARTNERS<\/h1>\n[\/vc_column_text]<div class=\"vcex-module vcex-divider vcex-divider-solid vcex-divider-center wpex-mx-auto wpex-max-w-100 wpex-block wpex-h-0 wpex-border-b wpex-border-solid wpex-border-main\" style=\"width:60px;border-bottom-width:1px;border-color:#dd9933;\"><\/div><div class=\"vcex-spacing wpex-w-100 wpex-clear\"><\/div>[vc_column_text css=&#8221;&#8221;]\n<h1 style=\"text-align: center;\"><strong>Our Partners: Collaborating for Excellence<\/strong><\/h1>\n<p>&nbsp;<\/p>\n<p>We are honored to collaborate with exceptional partners, whose expertise and commitment enrich our customers&#8217; experience and enhance the unique territory we share.<\/p>\n<ul>\n<li><strong>Cairn<\/strong>: Since 1938, this French family-owned company has been designing and producing protective accessories for a wide range of sports and outdoor activities, in all seasons. Backed by a long history of expertise, Cairn develops equipment that combines innovation, comfort and performance, covering areas such as skiing, cycling, trail running and hiking. Their commitment to quality and safety makes them an essential partner for outdoor sports enthusiasts.  <\/li>\n<li><strong>Megeve Tourist Office<\/strong>: A symbol of elegance and tradition, the Megeve Tourist Office plays a central role in promoting a prestigious destination, combining refinement and nature. Thanks to this collaboration, we are able to highlight the many cultural and tourist attractions Meg\u00e8ve has to offer. <\/li>\n<li><strong>Office de Tourisme de Combloux<\/strong>: Combloux, nicknamed the &#8220;balcony of Mont-Blanc&#8221;, offers an idyllic setting and a wide range of activities all year round. In partnership with the Combloux Tourist Office, we are helping to bring this Alpine gem to a clientele in search of nature and serenity. <\/li>\n<li><strong>Praz-sur-Arly Tourist Office<\/strong>: Rich in tradition and renowned for its magnificent scenery, Praz-sur-Arly is an authentic and welcoming destination. With the Praz-sur-Arly Tourist Office, we&#8217;re working to promote the many opportunities this village has to offer for stays with family, friends or on your own. <\/li>\n<\/ul>\n<p>Together, we share a common ambition: to enhance the value of our territories, strengthen their appeal and offer a unique experience to each and every one of our visitors. We are proud of this synergy, which lies at the heart of our success and our shared vision.[\/vc_column_text][\/vc_column][\/vc_row][vc_row full_width=&#8221;stretch_row&#8221; column_spacing=&#8221;10&#8243; css=&#8221;.vc_custom_1695214407333{padding-bottom: 40px !important;background-color: #f2f2f2 !important;}&#8221;][vc_column]<style>.vcex-callout.vcex_69d79ed159428{border-color:#dd9933;}.vcex-callout.vcex_69d79ed159428 .vcex-callout-link:hover{background-color:#dd9933;color:#ffffff;}<\/style><div class=\"vcex-callout vcex-module wpex-boxed with-button wpex-text-center wpex-md-text-initial wpex-md-flex wpex-md-items-center wpex-border-solid wpex-border wpex-shadow-sm vcex_69d79ed159428\"><div class=\"vcex-callout-caption wpex-last-mb-0 wpex-text-md wpex-mb-20 wpex-md-w-75 wpex-md-pr-20 wpex-md-mb-0\"><p>For all other inquiries, please contact us by telephone on +33(0)4 50 21 55 11 or by email.<\/p>\n<\/div><div class=\"vcex-callout-button wpex-md-w-25 wpex-md-text-right\"><a href=\"https:\/\/bureaudesguidesmegeve.fr\/contact\/\" title=\"Nous contacter\" class=\"vcex-callout-link theme-button outline wpex-text-center wpex-text-base\">Nous contacter<\/a><\/div><\/div>[\/vc_column][\/vc_row]\n<\/div>","protected":false},"excerpt":{"rendered":"<p>[vc_row full_width=&#8221;stretch_row_content&#8221; column_spacing=&#8221;10&#8243; tablet_fullwidth_cols=&#8221;yes&#8221; css=&#8221;.vc_custom_1695130235063{padding-bottom: 50px !important;background-color: #f2f2f2 !important;}&#8221;][vc_column][vc_single_image image=&#8221;855&#8243; img_size=&#8221;1920&#215;300&#8243; alignment=&#8221;center&#8221;][\/vc_column][\/vc_row][vc_row full_width=&#8221;stretch_row_content_no_spaces&#8221; column_spacing=&#8221;20&#8243; tablet_fullwidth_cols=&#8221;yes&#8221; css=&#8221;.vc_custom_1695126066904{background-color: #f2f2f2 !important;}&#8221;][vc_column][vc_column_text css=&#8221;&#8221;] Partners of the Bureau des Guides de Meg\u00e8ve: Collaboration for Adventure [\/vc_column_text][vc_empty_space][\/vc_column][\/vc_row][vc_row full_width=&#8221;stretch_row_content&#8221; column_spacing=&#8221;10&#8243; css=&#8221;.vc_custom_1696851914215{padding-bottom: 40px !important;background-color: #f2f2f2 !important;}&#8221;][vc_column width=&#8221;1\/3&#8243;][\/vc_column][vc_column width=&#8221;1\/3&#8243;][\/vc_column][vc_column width=&#8221;1\/3&#8243;][\/vc_column][\/vc_row][vc_row full_width=&#8221;stretch_row_content&#8221; column_spacing=&#8221;10&#8243; css=&#8221;.vc_custom_1696851914215{padding-bottom: 40px !important;background-color: #f2f2f2 !important;}&#8221;][vc_column width=&#8221;1\/3&#8243;][\/vc_column][vc_column width=&#8221;1\/3&#8243;][\/vc_column][vc_column width=&#8221;1\/3&#8243;][\/vc_column][\/vc_row][vc_row full_width=&#8221;stretch_row&#8221; column_spacing=&#8221;20&#8243; css=&#8221;.vc_custom_1695133888147{background-color: #f2f2f2&hellip;<\/p>\n","protected":false},"author":2,"featured_media":0,"parent":0,"menu_order":0,"comment_status":"closed","ping_status":"closed","template":"","meta":{"_monsterinsights_skip_tracking":false,"_monsterinsights_sitenote_active":false,"_monsterinsights_sitenote_note":"","_monsterinsights_sitenote_category":0,"footnotes":""},"class_list":["post-2812","page","type-page","status-publish","hentry","entry","no-media"],"yoast_head":"<!-- This site is optimized with the Yoast SEO plugin v26.4 - https:\/\/yoast.com\/wordpress\/plugins\/seo\/ -->\n<title>Partners of the Meg\u00e8ve Guide Bureau<\/title>\n<meta name=\"description\" content=\"Discover our partners: Cairn, experts in outdoor equipment, and the Meg\u00e8ve, Combloux and Praz-sur-Arly Tourist Offices, united to promote the Alpine experience.\" \/>\n<meta name=\"robots\" content=\"index, follow, max-snippet:-1, max-image-preview:large, max-video-preview:-1\" \/>\n<link rel=\"canonical\" href=\"https:\/\/guides-megeve.com\/en\/gift-vouchers\/\" \/>\n<meta property=\"og:locale\" content=\"en_US\" \/>\n<meta property=\"og:type\" content=\"article\" \/>\n<meta property=\"og:title\" content=\"Partners of the Meg\u00e8ve Guide Bureau\" \/>\n<meta property=\"og:description\" content=\"Discover our partners: Cairn, experts in outdoor equipment, and the Meg\u00e8ve, Combloux and Praz-sur-Arly Tourist Offices, united to promote the Alpine experience.\" \/>\n<meta property=\"og:url\" content=\"https:\/\/guides-megeve.com\/en\/gift-vouchers\/\" \/>\n<meta property=\"og:site_name\" content=\"Bureau des Guides de Meg\u00e8ve\" \/>\n<meta property=\"article:publisher\" content=\"https:\/\/www.facebook.com\/profile.php?id=100063637980583\" \/>\n<meta property=\"article:modified_time\" content=\"2026-01-14T09:36:12+00:00\" \/>\n<meta property=\"og:image\" content=\"https:\/\/guides-megeve.com\/wp-content\/uploads\/2023\/09\/bureau-des-guides-megeve.jpg\" \/>\n\t<meta property=\"og:image:width\" content=\"1920\" \/>\n\t<meta property=\"og:image:height\" content=\"1080\" \/>\n\t<meta property=\"og:image:type\" content=\"image\/jpeg\" \/>\n<meta name=\"twitter:card\" content=\"summary_large_image\" \/>\n<meta name=\"twitter:label1\" content=\"Est. reading time\" \/>\n\t<meta name=\"twitter:data1\" content=\"2 minutes\" \/>\n<script type=\"application\/ld+json\" class=\"yoast-schema-graph\">{\"@context\":\"https:\/\/schema.org\",\"@graph\":[{\"@type\":\"WebPage\",\"@id\":\"https:\/\/guides-megeve.com\/en\/gift-vouchers\/\",\"url\":\"https:\/\/guides-megeve.com\/en\/gift-vouchers\/\",\"name\":\"Partners of the Meg\u00e8ve Guide Bureau\",\"isPartOf\":{\"@id\":\"https:\/\/guides-megeve.com\/en\/#website\"},\"datePublished\":\"2024-11-29T09:55:03+00:00\",\"dateModified\":\"2026-01-14T09:36:12+00:00\",\"description\":\"Discover our partners: Cairn, experts in outdoor equipment, and the Meg\u00e8ve, Combloux and Praz-sur-Arly Tourist Offices, united to promote the Alpine experience.\",\"breadcrumb\":{\"@id\":\"https:\/\/guides-megeve.com\/en\/gift-vouchers\/#breadcrumb\"},\"inLanguage\":\"en-US\",\"potentialAction\":[{\"@type\":\"ReadAction\",\"target\":[\"https:\/\/guides-megeve.com\/en\/gift-vouchers\/\"]}]},{\"@type\":\"BreadcrumbList\",\"@id\":\"https:\/\/guides-megeve.com\/en\/gift-vouchers\/#breadcrumb\",\"itemListElement\":[{\"@type\":\"ListItem\",\"position\":1,\"name\":\"Accueil\",\"item\":\"https:\/\/guides-megeve.com\/en\/winter-home\/\"},{\"@type\":\"ListItem\",\"position\":2,\"name\":\"Partners\"}]},{\"@type\":\"WebSite\",\"@id\":\"https:\/\/guides-megeve.com\/en\/#website\",\"url\":\"https:\/\/guides-megeve.com\/en\/\",\"name\":\"Bureau des Guides de Meg\u00e8ve\",\"description\":\"Guides et accompagnateurs en Montagne \u00e0 Meg\u00e8ve\",\"publisher\":{\"@id\":\"https:\/\/guides-megeve.com\/en\/#organization\"},\"potentialAction\":[{\"@type\":\"SearchAction\",\"target\":{\"@type\":\"EntryPoint\",\"urlTemplate\":\"https:\/\/guides-megeve.com\/en\/?s={search_term_string}\"},\"query-input\":{\"@type\":\"PropertyValueSpecification\",\"valueRequired\":true,\"valueName\":\"search_term_string\"}}],\"inLanguage\":\"en-US\"},{\"@type\":\"Organization\",\"@id\":\"https:\/\/guides-megeve.com\/en\/#organization\",\"name\":\"Bureau des Guides de Meg\u00e8ve\",\"url\":\"https:\/\/guides-megeve.com\/en\/\",\"logo\":{\"@type\":\"ImageObject\",\"inLanguage\":\"en-US\",\"@id\":\"https:\/\/guides-megeve.com\/en\/#\/schema\/logo\/image\/\",\"url\":\"https:\/\/bureaudesguidesmegeve.fr\/wp-content\/uploads\/2023\/11\/logo-guides-gris.png\",\"contentUrl\":\"https:\/\/bureaudesguidesmegeve.fr\/wp-content\/uploads\/2023\/11\/logo-guides-gris.png\",\"width\":500,\"height\":500,\"caption\":\"Bureau des Guides de Meg\u00e8ve\"},\"image\":{\"@id\":\"https:\/\/guides-megeve.com\/en\/#\/schema\/logo\/image\/\"},\"sameAs\":[\"https:\/\/www.facebook.com\/profile.php?id=100063637980583\",\"https:\/\/www.instagram.com\/guidesdemegeve\/\"]}]}<\/script>\n<!-- \/ Yoast SEO plugin. -->","yoast_head_json":{"title":"Partners of the Meg\u00e8ve Guide Bureau","description":"Discover our partners: Cairn, experts in outdoor equipment, and the Meg\u00e8ve, Combloux and Praz-sur-Arly Tourist Offices, united to promote the Alpine experience.","robots":{"index":"index","follow":"follow","max-snippet":"max-snippet:-1","max-image-preview":"max-image-preview:large","max-video-preview":"max-video-preview:-1"},"canonical":"https:\/\/guides-megeve.com\/en\/gift-vouchers\/","og_locale":"en_US","og_type":"article","og_title":"Partners of the Meg\u00e8ve Guide Bureau","og_description":"Discover our partners: Cairn, experts in outdoor equipment, and the Meg\u00e8ve, Combloux and Praz-sur-Arly Tourist Offices, united to promote the Alpine experience.","og_url":"https:\/\/guides-megeve.com\/en\/gift-vouchers\/","og_site_name":"Bureau des Guides de Meg\u00e8ve","article_publisher":"https:\/\/www.facebook.com\/profile.php?id=100063637980583","article_modified_time":"2026-01-14T09:36:12+00:00","og_image":[{"width":1920,"height":1080,"url":"https:\/\/guides-megeve.com\/wp-content\/uploads\/2023\/09\/bureau-des-guides-megeve.jpg","type":"image\/jpeg"}],"twitter_card":"summary_large_image","twitter_misc":{"Est. reading time":"2 minutes"},"schema":{"@context":"https:\/\/schema.org","@graph":[{"@type":"WebPage","@id":"https:\/\/guides-megeve.com\/en\/gift-vouchers\/","url":"https:\/\/guides-megeve.com\/en\/gift-vouchers\/","name":"Partners of the Meg\u00e8ve Guide Bureau","isPartOf":{"@id":"https:\/\/guides-megeve.com\/en\/#website"},"datePublished":"2024-11-29T09:55:03+00:00","dateModified":"2026-01-14T09:36:12+00:00","description":"Discover our partners: Cairn, experts in outdoor equipment, and the Meg\u00e8ve, Combloux and Praz-sur-Arly Tourist Offices, united to promote the Alpine experience.","breadcrumb":{"@id":"https:\/\/guides-megeve.com\/en\/gift-vouchers\/#breadcrumb"},"inLanguage":"en-US","potentialAction":[{"@type":"ReadAction","target":["https:\/\/guides-megeve.com\/en\/gift-vouchers\/"]}]},{"@type":"BreadcrumbList","@id":"https:\/\/guides-megeve.com\/en\/gift-vouchers\/#breadcrumb","itemListElement":[{"@type":"ListItem","position":1,"name":"Accueil","item":"https:\/\/guides-megeve.com\/en\/winter-home\/"},{"@type":"ListItem","position":2,"name":"Partners"}]},{"@type":"WebSite","@id":"https:\/\/guides-megeve.com\/en\/#website","url":"https:\/\/guides-megeve.com\/en\/","name":"Bureau des Guides de Meg\u00e8ve","description":"Guides et accompagnateurs en Montagne \u00e0 Meg\u00e8ve","publisher":{"@id":"https:\/\/guides-megeve.com\/en\/#organization"},"potentialAction":[{"@type":"SearchAction","target":{"@type":"EntryPoint","urlTemplate":"https:\/\/guides-megeve.com\/en\/?s={search_term_string}"},"query-input":{"@type":"PropertyValueSpecification","valueRequired":true,"valueName":"search_term_string"}}],"inLanguage":"en-US"},{"@type":"Organization","@id":"https:\/\/guides-megeve.com\/en\/#organization","name":"Bureau des Guides de Meg\u00e8ve","url":"https:\/\/guides-megeve.com\/en\/","logo":{"@type":"ImageObject","inLanguage":"en-US","@id":"https:\/\/guides-megeve.com\/en\/#\/schema\/logo\/image\/","url":"https:\/\/bureaudesguidesmegeve.fr\/wp-content\/uploads\/2023\/11\/logo-guides-gris.png","contentUrl":"https:\/\/bureaudesguidesmegeve.fr\/wp-content\/uploads\/2023\/11\/logo-guides-gris.png","width":500,"height":500,"caption":"Bureau des Guides de Meg\u00e8ve"},"image":{"@id":"https:\/\/guides-megeve.com\/en\/#\/schema\/logo\/image\/"},"sameAs":["https:\/\/www.facebook.com\/profile.php?id=100063637980583","https:\/\/www.instagram.com\/guidesdemegeve\/"]}]}},"_links":{"self":[{"href":"https:\/\/guides-megeve.com\/en\/wp-json\/wp\/v2\/pages\/2812","targetHints":{"allow":["GET"]}}],"collection":[{"href":"https:\/\/guides-megeve.com\/en\/wp-json\/wp\/v2\/pages"}],"about":[{"href":"https:\/\/guides-megeve.com\/en\/wp-json\/wp\/v2\/types\/page"}],"author":[{"embeddable":true,"href":"https:\/\/guides-megeve.com\/en\/wp-json\/wp\/v2\/users\/2"}],"replies":[{"embeddable":true,"href":"https:\/\/guides-megeve.com\/en\/wp-json\/wp\/v2\/comments?post=2812"}],"version-history":[{"count":0,"href":"https:\/\/guides-megeve.com\/en\/wp-json\/wp\/v2\/pages\/2812\/revisions"}],"wp:attachment":[{"href":"https:\/\/guides-megeve.com\/en\/wp-json\/wp\/v2\/media?parent=2812"}],"curies":[{"name":"wp","href":"https:\/\/api.w.org\/{rel}","templated":true}]}}