{"id":1124,"date":"2023-10-14T17:25:32","date_gmt":"2023-10-14T15:25:32","guid":{"rendered":"https:\/\/bureaudesguidesmegeve.fr\/winter-climbing\/"},"modified":"2024-11-16T16:28:04","modified_gmt":"2024-11-16T15:28:04","slug":"winter-climbing","status":"publish","type":"page","link":"https:\/\/guides-megeve.com\/en\/winter-climbing\/","title":{"rendered":"Winter mountaineering"},"content":{"rendered":"<div class=\"wpb-content-wrapper\">[vc_row full_width=&#8221;stretch_row_content&#8221; column_spacing=&#8221;10&#8243; tablet_fullwidth_cols=&#8221;yes&#8221; css=&#8221;.vc_custom_1695130235063{padding-bottom: 50px !important;background-color: #f2f2f2 !important;}&#8221;][vc_column][vc_single_image image=&#8221;999&#8243; img_size=&#8221;1920&#215;300&#8243; alignment=&#8221;center&#8221;][\/vc_column][\/vc_row][vc_row full_width=&#8221;stretch_row_content_no_spaces&#8221; column_spacing=&#8221;20&#8243; tablet_fullwidth_cols=&#8221;yes&#8221; css=&#8221;.vc_custom_1695126066904{background-color: #f2f2f2 !important;}&#8221;][vc_column]<div id=\"ult-easy-separator-298300974669d79f274f061\" class=\"ult-easy-separator-wrapper ult-responsive ult-top-easy-separator ult-easy-separator-no-default \" style=\"transform: translate(-50%,-108%)!important;-ms-transform: translate(-50%,-108%)!important;-webkit-transform: translate(-50%,-108%)!important;\" data-vc-row=\"wpb_row\"  data-ultimate-target='#ult-easy-separator-298300974669d79f274f061'  data-responsive-json-new='{\"width\":\"desktop:1920px;tablet:1600px;tablet_portrait:1400px;\"}' ><div class=\"ult-easy-separator-inner-wrapper\"><div class=\"ult-no-animation\" style=\"opacity:0;\"   ><img class=\"ult-easy-separator-img\" alt=\"null\" src=\"https:\/\/guides-megeve.com\/wp-content\/uploads\/2023\/09\/montagnes5gris.png\" \/><\/div><\/div><\/div>[\/vc_column][\/vc_row][vc_row full_width=&#8221;stretch_row_content&#8221; column_spacing=&#8221;10&#8243; css=&#8221;.vc_custom_1696844915244{background-color: #f2f2f2 !important;}&#8221;][vc_column width=&#8221;1\/4&#8243;]<style>.vcex-image-banner.vcex_69d79f274fb8b{min-height:450px;}.vcex-image-banner.vcex_69d79f274fb8b .vcex-ib-caption{padding-block-end:15px;font-size:15px;font-family:Roboto, sans-serif;}.vcex-image-banner.vcex_69d79f274fb8b .vcex-ib-button-inner{font-family:Roboto, sans-serif;}.vcex-image-banner.vcex_69d79f274fb8b .vcex-ib-button-inner:hover{background:#dd9933;color:#ffffff;}<\/style><a class=\"vcex-module vcex-image-banner vcex-image-banner-has-link wpex-no-underline wpex-flex wpex-flex-col wpex-w-100 wpex-justify-center wpex-relative wpex-overflow-hidden wpex-bg-gray-900 wpex-text-white wpex-hover-text-white wpex-text-center vcex-h-zoom wpex-isolate vcex-has-button vcex_69d79f274fb8b\" href=\"https:\/\/booking.yoplanning.pro\/d7bcfa1f-1077-4fa0-9693-27ee28822cf8\/product\/f2d5a23b-aef2-4ca2-8e7d-0e81ad2eb4ef\" title=\"ice climbing 1\/2 day\"><span class=\"vcex-ib-img wpex-block wpex-transition-all wpex-duration-500 wpex-bg-cover wpex-absolute wpex-inset-0\" style=\"background-image:url(https:\/\/guides-megeve.com\/wp-content\/uploads\/2023\/09\/cascade-de-glace-megeve.jpg);\"><\/span><div class=\"vcex-ib-overlay wpex-absolute wpex-inset-0 wpex-transition-all wpex-duration-500\"><div class=\"vcex-ib-overlay-bg wpex-absolute wpex-inset-0 wpex-bg-black wpex-opacity-30\"><\/div><\/div><div class=\"vcex-ib-content-wrap wpex-w-100 wpex-transition-all wpex-duration-500 wpex-py-100 wpex-px-40 wpex-relative\"><div class=\"vcex-ib-content wpex-mx-auto\"><div class=\"vcex-ib-title wpex-heading wpex-inherit-color-important\">Ice climbing 1\/2 day<\/div><div class=\"vcex-ib-caption wpex-text-lg wpex-last-mb-0\">Discover the magical world of ice and climb waterfalls!<\/div><div class=\"vcex-ib-button\"><span class=\"vcex-ib-button-inner theme-button outline\">Info &amp; Booking<\/span><\/div><\/div><\/div><\/a>[\/vc_column][vc_column width=&#8221;1\/4&#8243;]<style>.vcex-image-banner.vcex_69d79f2753cf7{min-height:450px;}.vcex-image-banner.vcex_69d79f2753cf7 .vcex-ib-caption{padding-block-end:15px;font-size:15px;font-family:Roboto, sans-serif;}.vcex-image-banner.vcex_69d79f2753cf7 .vcex-ib-button-inner{font-family:Roboto, sans-serif;}.vcex-image-banner.vcex_69d79f2753cf7 .vcex-ib-button-inner:hover{background:#dd9933;color:#ffffff;}<\/style><a class=\"vcex-module vcex-image-banner vcex-image-banner-has-link wpex-no-underline wpex-flex wpex-flex-col wpex-w-100 wpex-justify-center wpex-relative wpex-overflow-hidden wpex-bg-gray-900 wpex-text-white wpex-hover-text-white wpex-text-center vcex-h-zoom wpex-isolate vcex-has-button vcex_69d79f2753cf7\" href=\"https:\/\/booking.yoplanning.pro\/d7bcfa1f-1077-4fa0-9693-27ee28822cf8\/product\/c66b13ae-07e5-487d-9345-a4a2f8075f9e\" title=\"ice climbing day\"><span class=\"vcex-ib-img wpex-block wpex-transition-all wpex-duration-500 wpex-bg-cover wpex-absolute wpex-inset-0\" style=\"background-image:url(https:\/\/guides-megeve.com\/wp-content\/uploads\/2023\/09\/cascade-de-glace-megeve.jpg);\"><\/span><div class=\"vcex-ib-overlay wpex-absolute wpex-inset-0 wpex-transition-all wpex-duration-500\"><div class=\"vcex-ib-overlay-bg wpex-absolute wpex-inset-0 wpex-bg-black wpex-opacity-30\"><\/div><\/div><div class=\"vcex-ib-content-wrap wpex-w-100 wpex-transition-all wpex-duration-500 wpex-py-100 wpex-px-40 wpex-relative\"><div class=\"vcex-ib-content wpex-mx-auto\"><div class=\"vcex-ib-title wpex-heading wpex-inherit-color-important\">Ice climbing day<\/div><div class=\"vcex-ib-caption wpex-text-lg wpex-last-mb-0\">Discover the magical world of ice and climb waterfalls!<\/div><div class=\"vcex-ib-button\"><span class=\"vcex-ib-button-inner theme-button outline\">Reservation request<\/span><\/div><\/div><\/div><\/a>[\/vc_column][vc_column width=&#8221;1\/4&#8243;]<style>.vcex-image-banner.vcex_69d79f27547ae{min-height:450px;}.vcex-image-banner.vcex_69d79f27547ae .vcex-ib-caption{padding-block-end:15px;font-size:15px;font-family:Roboto, sans-serif;}.vcex-image-banner.vcex_69d79f27547ae .vcex-ib-button-inner{font-family:Roboto, sans-serif;}.vcex-image-banner.vcex_69d79f27547ae .vcex-ib-button-inner:hover{background:#dd9933;color:#ffffff;}<\/style><a class=\"vcex-module vcex-image-banner vcex-image-banner-has-link wpex-no-underline wpex-flex wpex-flex-col wpex-w-100 wpex-justify-center wpex-relative wpex-overflow-hidden wpex-bg-gray-900 wpex-text-white wpex-hover-text-white wpex-text-center vcex-h-zoom wpex-isolate vcex-has-button vcex_69d79f27547ae\" href=\"https:\/\/booking.yoplanning.pro\/d7bcfa1f-1077-4fa0-9693-27ee28822cf8\/product\/a13e402e-0e9b-4bc0-bd25-a33a783c9ddc\" title=\"Winter mountaineering\"><span class=\"vcex-ib-img wpex-block wpex-transition-all wpex-duration-500 wpex-bg-cover wpex-absolute wpex-inset-0\" style=\"background-image:url(https:\/\/guides-megeve.com\/wp-content\/uploads\/2024\/11\/IMG-20240320-WA0015.jpg);\"><\/span><div class=\"vcex-ib-overlay wpex-absolute wpex-inset-0 wpex-transition-all wpex-duration-500\"><div class=\"vcex-ib-overlay-bg wpex-absolute wpex-inset-0 wpex-bg-black wpex-opacity-30\"><\/div><\/div><div class=\"vcex-ib-content-wrap wpex-w-100 wpex-transition-all wpex-duration-500 wpex-py-100 wpex-px-40 wpex-relative\"><div class=\"vcex-ib-content wpex-mx-auto\"><div class=\"vcex-ib-title wpex-heading wpex-inherit-color-important\">Winter mountaineering<\/div><div class=\"vcex-ib-caption wpex-text-lg wpex-last-mb-0\">Technical winter ascent in snow, ice and rock couloirs<\/div><div class=\"vcex-ib-button\"><span class=\"vcex-ib-button-inner theme-button outline\">Info &amp; Booking<\/span><\/div><\/div><\/div><\/a>[\/vc_column][vc_column width=&#8221;1\/4&#8243;]<style>.vcex-image-banner.vcex_69d79f2755a6c{min-height:450px;}.vcex-image-banner.vcex_69d79f2755a6c .vcex-ib-caption{padding-block-end:15px;font-size:15px;font-family:Roboto, sans-serif;}.vcex-image-banner.vcex_69d79f2755a6c .vcex-ib-button-inner{font-family:Roboto, sans-serif;}.vcex-image-banner.vcex_69d79f2755a6c .vcex-ib-button-inner:hover{background:#dd9933;color:#ffffff;}<\/style><a class=\"vcex-module vcex-image-banner vcex-image-banner-has-link wpex-no-underline wpex-flex wpex-flex-col wpex-w-100 wpex-justify-center wpex-relative wpex-overflow-hidden wpex-bg-gray-900 wpex-text-white wpex-hover-text-white wpex-text-center vcex-h-zoom wpex-isolate vcex-has-button vcex_69d79f2755a6c\" href=\"https:\/\/booking.yoplanning.pro\/d7bcfa1f-1077-4fa0-9693-27ee28822cf8\/product\/0204ac6b-ece8-41d6-8fc8-9182e9d238db\" title=\"5-day multi-activity commitment\"><span class=\"vcex-ib-img wpex-block wpex-transition-all wpex-duration-500 wpex-bg-cover wpex-absolute wpex-inset-0\" style=\"background-image:url(https:\/\/guides-megeve.com\/wp-content\/uploads\/2023\/09\/alpinisme-mont-blanc.jpg);\"><\/span><div class=\"vcex-ib-overlay wpex-absolute wpex-inset-0 wpex-transition-all wpex-duration-500\"><div class=\"vcex-ib-overlay-bg wpex-absolute wpex-inset-0 wpex-bg-black wpex-opacity-30\"><\/div><\/div><div class=\"vcex-ib-content-wrap wpex-w-100 wpex-transition-all wpex-duration-500 wpex-py-100 wpex-px-40 wpex-relative\"><div class=\"vcex-ib-content wpex-mx-auto\"><div class=\"vcex-ib-title wpex-heading wpex-inherit-color-important\">Multi-activity commitment<\/div><div class=\"vcex-ib-caption wpex-text-lg wpex-last-mb-0\">One guide, 5 days.<\/div><div class=\"vcex-ib-button\"><span class=\"vcex-ib-button-inner theme-button outline\">Info &amp; Booking<\/span><\/div><\/div><\/div><\/a>[\/vc_column][\/vc_row][vc_row full_width=&#8221;stretch_row&#8221; column_spacing=&#8221;20&#8243; css=&#8221;.vc_custom_1695133888147{background-color: #f2f2f2 !important;}&#8221;][vc_column width=&#8221;1\/2&#8243;][vc_single_image image=&#8221;2407&#8243; css=&#8221;&#8221;][\/vc_column][vc_column width=&#8221;1\/2&#8243;][vc_column_text css=&#8221;&#8221;]\n<h1 style=\"text-align: center;\">Winter mountaineering<\/h1>\n[\/vc_column_text]<div class=\"vcex-module vcex-divider vcex-divider-solid vcex-divider-center wpex-mx-auto wpex-max-w-100 wpex-block wpex-h-0 wpex-border-b wpex-border-solid wpex-border-main\" style=\"width:60px;border-bottom-width:1px;border-color:#dd9933;\"><\/div><div class=\"vcex-spacing wpex-w-100 wpex-clear\"><\/div>[vc_column_text css=&#8221;&#8221;]\n<p style=\"text-align: center;\"><strong>Winter mountaineering with the Bureau des Guides de Meg\u00e8ve: Cascade de Glace and Goulotte<\/strong><\/p>\n<p style=\"text-align: center;\">Experience the adventure of winter mountaineering with the Bureau des Guides de Meg\u00e8ve and discover unique disciplines such as ice climbing and gully climbing. At the height of the winter season, our guides accompany you on fascinating technical ascents, where ice and rock become your playground. Whether you&#8217;re a beginner or an experienced mountaineer, each excursion is designed to offer an unforgettable experience, with safe, professional supervision.<\/p>\n<p style=\"text-align: center;\"><strong>Cascade de Glace<\/strong>: Learn to climb frozen walls sculpted by nature, using crampons and ice axes, in magical and spectacular settings.<\/p>\n<p style=\"text-align: center;\"><strong>Goulotte climbing<\/strong>: launch yourself into narrow, steep lane combining snow, ice and rock, for a climb that combines technique and adventure.<\/p>\n<p style=\"text-align: center;\">Join us this winter to discover the mountains at their wildest and most authentic!<\/p>\n[\/vc_column_text][\/vc_column][\/vc_row][vc_row full_width=&#8221;stretch_row&#8221; column_spacing=&#8221;10&#8243; css=&#8221;.vc_custom_1695214407333{padding-bottom: 40px !important;background-color: #f2f2f2 !important;}&#8221;][vc_column]<style>.vcex-callout.vcex_69d79f27574cb{border-color:#dd9933;}.vcex-callout.vcex_69d79f27574cb .vcex-callout-link:hover{background-color:#dd9933;color:#ffffff;}<\/style><div class=\"vcex-callout vcex-module wpex-boxed with-button wpex-text-center wpex-md-text-initial wpex-md-flex wpex-md-items-center wpex-border-solid wpex-border wpex-shadow-sm vcex_69d79f27574cb\"><div class=\"vcex-callout-caption wpex-last-mb-0 wpex-text-md wpex-mb-20 wpex-md-w-75 wpex-md-pr-20 wpex-md-mb-0\"><p>For all other inquiries, please contact us by telephone on +33(0)4 50 21 55 11 or by email.<\/p>\n<\/div><div class=\"vcex-callout-button wpex-md-w-25 wpex-md-text-right\"><a href=\"https:\/\/guides-megeve.com\/contact\/\" title=\"Contact us\" class=\"vcex-callout-link theme-button outline wpex-text-center wpex-text-base\">Contact us<\/a><\/div><\/div>[\/vc_column][\/vc_row]\n<\/div>","protected":false},"excerpt":{"rendered":"<p>[vc_row full_width=&#8221;stretch_row_content&#8221; column_spacing=&#8221;10&#8243; tablet_fullwidth_cols=&#8221;yes&#8221; css=&#8221;.vc_custom_1695130235063{padding-bottom: 50px !important;background-color: #f2f2f2 !important;}&#8221;][vc_column][vc_single_image image=&#8221;999&#8243; img_size=&#8221;1920&#215;300&#8243; alignment=&#8221;center&#8221;][\/vc_column][\/vc_row][vc_row full_width=&#8221;stretch_row_content_no_spaces&#8221; column_spacing=&#8221;20&#8243; tablet_fullwidth_cols=&#8221;yes&#8221; css=&#8221;.vc_custom_1695126066904{background-color: #f2f2f2 !important;}&#8221;][vc_column][\/vc_column][\/vc_row][vc_row full_width=&#8221;stretch_row_content&#8221; column_spacing=&#8221;10&#8243; css=&#8221;.vc_custom_1696844915244{background-color: #f2f2f2 !important;}&#8221;][vc_column width=&#8221;1\/4&#8243;][\/vc_column][vc_column width=&#8221;1\/4&#8243;][\/vc_column][vc_column width=&#8221;1\/4&#8243;][\/vc_column][vc_column width=&#8221;1\/4&#8243;][\/vc_column][\/vc_row][vc_row full_width=&#8221;stretch_row&#8221; column_spacing=&#8221;20&#8243; css=&#8221;.vc_custom_1695133888147{background-color: #f2f2f2 !important;}&#8221;][vc_column width=&#8221;1\/2&#8243;][vc_single_image image=&#8221;2407&#8243; css=&#8221;&#8221;][\/vc_column][vc_column width=&#8221;1\/2&#8243;][vc_column_text css=&#8221;&#8221;] Winter mountaineering [\/vc_column_text][vc_column_text css=&#8221;&#8221;] Winter mountaineering with the Bureau des Guides de Meg\u00e8ve: Cascade de Glace and Goulotte&hellip;<\/p>\n","protected":false},"author":1,"featured_media":0,"parent":0,"menu_order":0,"comment_status":"closed","ping_status":"closed","template":"","meta":{"_monsterinsights_skip_tracking":false,"_monsterinsights_sitenote_active":false,"_monsterinsights_sitenote_note":"","_monsterinsights_sitenote_category":0,"footnotes":""},"class_list":["post-1124","page","type-page","status-publish","hentry","entry","no-media"],"yoast_head":"<!-- This site is optimized with the Yoast SEO plugin v26.4 - https:\/\/yoast.com\/wordpress\/plugins\/seo\/ -->\n<title>Ice climbing Meg\u00e8ve - Bureau des guides de Meg\u00e8ve<\/title>\n<meta name=\"description\" content=\"Ice climbing Meg\u00e8ve, enjoy the unique experience of ice climbing with the Bureau des Guides de Meg\u00e8ve.\" \/>\n<meta name=\"robots\" content=\"index, follow, max-snippet:-1, max-image-preview:large, max-video-preview:-1\" \/>\n<link rel=\"canonical\" href=\"https:\/\/guides-megeve.com\/en\/winter-climbing\/\" \/>\n<meta property=\"og:locale\" content=\"en_US\" \/>\n<meta property=\"og:type\" content=\"article\" \/>\n<meta property=\"og:title\" content=\"Ice climbing Meg\u00e8ve - Bureau des guides de Meg\u00e8ve\" \/>\n<meta property=\"og:description\" content=\"Ice climbing Meg\u00e8ve, enjoy the unique experience of ice climbing with the Bureau des Guides de Meg\u00e8ve.\" \/>\n<meta property=\"og:url\" content=\"https:\/\/guides-megeve.com\/en\/winter-climbing\/\" \/>\n<meta property=\"og:site_name\" content=\"Bureau des Guides de Meg\u00e8ve\" \/>\n<meta property=\"article:publisher\" content=\"https:\/\/www.facebook.com\/profile.php?id=100063637980583\" \/>\n<meta property=\"article:modified_time\" content=\"2024-11-16T15:28:04+00:00\" \/>\n<meta property=\"og:image\" content=\"https:\/\/guides-megeve.com\/wp-content\/uploads\/2023\/09\/bureau-des-guides-megeve.jpg\" \/>\n\t<meta property=\"og:image:width\" content=\"1920\" \/>\n\t<meta property=\"og:image:height\" content=\"1080\" \/>\n\t<meta property=\"og:image:type\" content=\"image\/jpeg\" \/>\n<meta name=\"twitter:card\" content=\"summary_large_image\" \/>\n<meta name=\"twitter:label1\" content=\"Est. reading time\" \/>\n\t<meta name=\"twitter:data1\" content=\"2 minutes\" \/>\n<script type=\"application\/ld+json\" class=\"yoast-schema-graph\">{\"@context\":\"https:\/\/schema.org\",\"@graph\":[{\"@type\":\"WebPage\",\"@id\":\"https:\/\/guides-megeve.com\/en\/winter-climbing\/\",\"url\":\"https:\/\/guides-megeve.com\/en\/winter-climbing\/\",\"name\":\"Ice climbing Meg\u00e8ve - Bureau des guides de Meg\u00e8ve\",\"isPartOf\":{\"@id\":\"https:\/\/guides-megeve.com\/en\/#website\"},\"datePublished\":\"2023-10-14T15:25:32+00:00\",\"dateModified\":\"2024-11-16T15:28:04+00:00\",\"description\":\"Ice climbing Meg\u00e8ve, enjoy the unique experience of ice climbing with the Bureau des Guides de Meg\u00e8ve.\",\"breadcrumb\":{\"@id\":\"https:\/\/guides-megeve.com\/en\/winter-climbing\/#breadcrumb\"},\"inLanguage\":\"en-US\",\"potentialAction\":[{\"@type\":\"ReadAction\",\"target\":[\"https:\/\/guides-megeve.com\/en\/winter-climbing\/\"]}]},{\"@type\":\"BreadcrumbList\",\"@id\":\"https:\/\/guides-megeve.com\/en\/winter-climbing\/#breadcrumb\",\"itemListElement\":[{\"@type\":\"ListItem\",\"position\":1,\"name\":\"Accueil\",\"item\":\"https:\/\/guides-megeve.com\/en\/winter-home\/\"},{\"@type\":\"ListItem\",\"position\":2,\"name\":\"Winter mountaineering\"}]},{\"@type\":\"WebSite\",\"@id\":\"https:\/\/guides-megeve.com\/en\/#website\",\"url\":\"https:\/\/guides-megeve.com\/en\/\",\"name\":\"Bureau des Guides de Meg\u00e8ve\",\"description\":\"Guides et accompagnateurs en Montagne \u00e0 Meg\u00e8ve\",\"publisher\":{\"@id\":\"https:\/\/guides-megeve.com\/en\/#organization\"},\"potentialAction\":[{\"@type\":\"SearchAction\",\"target\":{\"@type\":\"EntryPoint\",\"urlTemplate\":\"https:\/\/guides-megeve.com\/en\/?s={search_term_string}\"},\"query-input\":{\"@type\":\"PropertyValueSpecification\",\"valueRequired\":true,\"valueName\":\"search_term_string\"}}],\"inLanguage\":\"en-US\"},{\"@type\":\"Organization\",\"@id\":\"https:\/\/guides-megeve.com\/en\/#organization\",\"name\":\"Bureau des Guides de Meg\u00e8ve\",\"url\":\"https:\/\/guides-megeve.com\/en\/\",\"logo\":{\"@type\":\"ImageObject\",\"inLanguage\":\"en-US\",\"@id\":\"https:\/\/guides-megeve.com\/en\/#\/schema\/logo\/image\/\",\"url\":\"https:\/\/bureaudesguidesmegeve.fr\/wp-content\/uploads\/2023\/11\/logo-guides-gris.png\",\"contentUrl\":\"https:\/\/bureaudesguidesmegeve.fr\/wp-content\/uploads\/2023\/11\/logo-guides-gris.png\",\"width\":500,\"height\":500,\"caption\":\"Bureau des Guides de Meg\u00e8ve\"},\"image\":{\"@id\":\"https:\/\/guides-megeve.com\/en\/#\/schema\/logo\/image\/\"},\"sameAs\":[\"https:\/\/www.facebook.com\/profile.php?id=100063637980583\",\"https:\/\/www.instagram.com\/guidesdemegeve\/\"]}]}<\/script>\n<!-- \/ Yoast SEO plugin. -->","yoast_head_json":{"title":"Ice climbing Meg\u00e8ve - Bureau des guides de Meg\u00e8ve","description":"Ice climbing Meg\u00e8ve, enjoy the unique experience of ice climbing with the Bureau des Guides de Meg\u00e8ve.","robots":{"index":"index","follow":"follow","max-snippet":"max-snippet:-1","max-image-preview":"max-image-preview:large","max-video-preview":"max-video-preview:-1"},"canonical":"https:\/\/guides-megeve.com\/en\/winter-climbing\/","og_locale":"en_US","og_type":"article","og_title":"Ice climbing Meg\u00e8ve - Bureau des guides de Meg\u00e8ve","og_description":"Ice climbing Meg\u00e8ve, enjoy the unique experience of ice climbing with the Bureau des Guides de Meg\u00e8ve.","og_url":"https:\/\/guides-megeve.com\/en\/winter-climbing\/","og_site_name":"Bureau des Guides de Meg\u00e8ve","article_publisher":"https:\/\/www.facebook.com\/profile.php?id=100063637980583","article_modified_time":"2024-11-16T15:28:04+00:00","og_image":[{"width":1920,"height":1080,"url":"https:\/\/guides-megeve.com\/wp-content\/uploads\/2023\/09\/bureau-des-guides-megeve.jpg","type":"image\/jpeg"}],"twitter_card":"summary_large_image","twitter_misc":{"Est. reading time":"2 minutes"},"schema":{"@context":"https:\/\/schema.org","@graph":[{"@type":"WebPage","@id":"https:\/\/guides-megeve.com\/en\/winter-climbing\/","url":"https:\/\/guides-megeve.com\/en\/winter-climbing\/","name":"Ice climbing Meg\u00e8ve - Bureau des guides de Meg\u00e8ve","isPartOf":{"@id":"https:\/\/guides-megeve.com\/en\/#website"},"datePublished":"2023-10-14T15:25:32+00:00","dateModified":"2024-11-16T15:28:04+00:00","description":"Ice climbing Meg\u00e8ve, enjoy the unique experience of ice climbing with the Bureau des Guides de Meg\u00e8ve.","breadcrumb":{"@id":"https:\/\/guides-megeve.com\/en\/winter-climbing\/#breadcrumb"},"inLanguage":"en-US","potentialAction":[{"@type":"ReadAction","target":["https:\/\/guides-megeve.com\/en\/winter-climbing\/"]}]},{"@type":"BreadcrumbList","@id":"https:\/\/guides-megeve.com\/en\/winter-climbing\/#breadcrumb","itemListElement":[{"@type":"ListItem","position":1,"name":"Accueil","item":"https:\/\/guides-megeve.com\/en\/winter-home\/"},{"@type":"ListItem","position":2,"name":"Winter mountaineering"}]},{"@type":"WebSite","@id":"https:\/\/guides-megeve.com\/en\/#website","url":"https:\/\/guides-megeve.com\/en\/","name":"Bureau des Guides de Meg\u00e8ve","description":"Guides et accompagnateurs en Montagne \u00e0 Meg\u00e8ve","publisher":{"@id":"https:\/\/guides-megeve.com\/en\/#organization"},"potentialAction":[{"@type":"SearchAction","target":{"@type":"EntryPoint","urlTemplate":"https:\/\/guides-megeve.com\/en\/?s={search_term_string}"},"query-input":{"@type":"PropertyValueSpecification","valueRequired":true,"valueName":"search_term_string"}}],"inLanguage":"en-US"},{"@type":"Organization","@id":"https:\/\/guides-megeve.com\/en\/#organization","name":"Bureau des Guides de Meg\u00e8ve","url":"https:\/\/guides-megeve.com\/en\/","logo":{"@type":"ImageObject","inLanguage":"en-US","@id":"https:\/\/guides-megeve.com\/en\/#\/schema\/logo\/image\/","url":"https:\/\/bureaudesguidesmegeve.fr\/wp-content\/uploads\/2023\/11\/logo-guides-gris.png","contentUrl":"https:\/\/bureaudesguidesmegeve.fr\/wp-content\/uploads\/2023\/11\/logo-guides-gris.png","width":500,"height":500,"caption":"Bureau des Guides de Meg\u00e8ve"},"image":{"@id":"https:\/\/guides-megeve.com\/en\/#\/schema\/logo\/image\/"},"sameAs":["https:\/\/www.facebook.com\/profile.php?id=100063637980583","https:\/\/www.instagram.com\/guidesdemegeve\/"]}]}},"_links":{"self":[{"href":"https:\/\/guides-megeve.com\/en\/wp-json\/wp\/v2\/pages\/1124","targetHints":{"allow":["GET"]}}],"collection":[{"href":"https:\/\/guides-megeve.com\/en\/wp-json\/wp\/v2\/pages"}],"about":[{"href":"https:\/\/guides-megeve.com\/en\/wp-json\/wp\/v2\/types\/page"}],"author":[{"embeddable":true,"href":"https:\/\/guides-megeve.com\/en\/wp-json\/wp\/v2\/users\/1"}],"replies":[{"embeddable":true,"href":"https:\/\/guides-megeve.com\/en\/wp-json\/wp\/v2\/comments?post=1124"}],"version-history":[{"count":0,"href":"https:\/\/guides-megeve.com\/en\/wp-json\/wp\/v2\/pages\/1124\/revisions"}],"wp:attachment":[{"href":"https:\/\/guides-megeve.com\/en\/wp-json\/wp\/v2\/media?parent=1124"}],"curies":[{"name":"wp","href":"https:\/\/api.w.org\/{rel}","templated":true}]}}