{"id":1101,"date":"2023-09-28T14:25:10","date_gmt":"2023-09-28T12:25:10","guid":{"rendered":"https:\/\/bureaudesguidesmegeve.fr\/history\/"},"modified":"2025-04-24T16:43:16","modified_gmt":"2025-04-24T14:43:16","slug":"history","status":"publish","type":"page","link":"https:\/\/guides-megeve.com\/en\/history\/","title":{"rendered":"History"},"content":{"rendered":"<div class=\"wpb-content-wrapper\">[vc_row full_width=&#8221;stretch_row_content&#8221; column_spacing=&#8221;10&#8243; tablet_fullwidth_cols=&#8221;yes&#8221; css=&#8221;.vc_custom_1695130235063{padding-bottom: 50px !important;background-color: #f2f2f2 !important;}&#8221;][vc_column][vc_single_image image=&#8221;173&#8243; img_size=&#8221;1920&#215;300&#8243; alignment=&#8221;center&#8221;][\/vc_column][\/vc_row][vc_row full_width=&#8221;stretch_row_content_no_spaces&#8221; column_spacing=&#8221;20&#8243; tablet_fullwidth_cols=&#8221;yes&#8221; css=&#8221;.vc_custom_1695126066904{background-color: #f2f2f2 !important;}&#8221;][vc_column]<div id=\"ult-easy-separator-281596659269de3a1fc7f3c\" class=\"ult-easy-separator-wrapper ult-responsive ult-top-easy-separator ult-easy-separator-no-default \" style=\"transform: translate(-50%,-108%)!important;-ms-transform: translate(-50%,-108%)!important;-webkit-transform: translate(-50%,-108%)!important;\" data-vc-row=\"wpb_row\"  data-ultimate-target='#ult-easy-separator-281596659269de3a1fc7f3c'  data-responsive-json-new='{\"width\":\"desktop:1920px;tablet:1600px;tablet_portrait:1400px;\"}' ><div class=\"ult-easy-separator-inner-wrapper\"><div class=\"ult-no-animation\" style=\"opacity:0;\"   ><img class=\"ult-easy-separator-img\" alt=\"null\" src=\"https:\/\/guides-megeve.com\/wp-content\/uploads\/2023\/09\/montagnes5gris.png\" \/><\/div><\/div><\/div>[\/vc_column][\/vc_row][vc_row full_width=&#8221;stretch_row&#8221; column_spacing=&#8221;20&#8243; css=&#8221;.vc_custom_1695133888147{background-color: #f2f2f2 !important;}&#8221;][vc_column][vc_column_text]\n<h1 style=\"text-align: center;\">HISTORY<\/h1>\n[\/vc_column_text]<div class=\"vcex-module vcex-divider vcex-divider-solid vcex-divider-center wpex-mx-auto wpex-max-w-100 wpex-block wpex-h-0 wpex-border-b wpex-border-solid wpex-border-main\" style=\"width:60px;border-bottom-width:1px;border-color:#dd9933;\"><\/div><div class=\"vcex-spacing wpex-w-100 wpex-clear\" style=\"height:20px;\"><\/div>[vc_column_text]\n<p style=\"text-align: center;\">Meg\u00e8ve Mountain Guides Office<\/p>\n[\/vc_column_text][\/vc_column][\/vc_row][vc_row full_width=&#8221;stretch_row&#8221; column_spacing=&#8221;20&#8243; css=&#8221;.vc_custom_1695904187889{padding-top: 20px !important;background-color: #f2f2f2 !important;}&#8221;][vc_column][vc_column_text]History of Val d&#8217;Arly mountain guides<\/p>\n<p>To find out more about the long history of the Val d&#8217;Arly Guide Bureau, we turn to Luc Berthelot, its former president with 43 years of service. With meticulous attention to detail, he recounts the peregrinations, sporting exploits, anecdotes, mountain races, dramas and battles of ego of the great mountaineers.<br \/>\nIntimately linked to the local tourist economy, the story begins at the beginning of the 20th century, with the ski guides. You have to imagine a winter landscape where all the slopes are accessible from the village,&#8221; says Luc Berthelot. Every summit of today&#8217;s Evasion Mont Blanc is traversed by skiers, sealskins tied under their skis with strings.&#8221;<br \/>\nThe funny tangerine trail<br \/>\nThe best-known itinerary is the Mont d&#8217;Arbois Mandarin trail. A name so unlocal that it&#8217;s justified: &#8220;To quench their travelers&#8217; thirst, the ski guides took mandarins out of their bags. The peels were thrown casually onto the snow. Baroness No\u00e9mie de Rothschild, a cross-country skier, took offense at this, and whenever a guide-skier was negligent, he was on clean-up duty,&#8221; explains Luc Berthelot. Two other classics of the era: the Olympique and the piste des Genevois. The latter would arrive in Sallanches by train, then take all day to make the round trip to the Col du Jaillet or even Croisse Baulet. In the spring, it was the V\u00e9ry, Mont Joly and Saisies passes, the Espace Diamant almost a century ago.<br \/>\nThis golden age for the ski guide company came to an end between 1933 and 1934 with the creation of the Rochebrune and Mont d&#8217;Arbois cable cars. The ski guides then become ski instructors. In 1969, Henri Perinet set up a guide office in Meg\u00e8ve to create a summer offering. It quickly became part of the Saint Gervais company in 1971, and remained so until 2001.<\/p>\n<p>Lady&#8217;s climbing crag is equipped. With their season limited to August, the guides supplement their activities at the UCPA centers in Les Contamines, Chamonix and Argenti\u00e8re.<br \/>\nIn winter, they work as ski school instructors in Meg\u00e8ve and Combloux.<br \/>\nFrom 1979 onwards, with the arrival of newly-qualified mountain guides, hiking became a collective program. The number of guides has also increased, and a branch has been set up in Combloux. The Praline guides then join the Megeve office. And business tourism is on the rise.<br \/>\nThe climbing boom<br \/>\nIn 1989, a new step was taken with the inauguration of the climbing wall at the Palais des Sports. From 1990 onwards, the business continued to diversify, with canyoning, paragliding with Meg\u00e8ve Aventure, rafting with Session Raft, snowshoeing as a key winter activity and mountain biking, followed by the more accessible e-VTT.<br \/>\nIn 2011, the climbing offer expands with a climbing school at Le Glapet, followed by the beautiful tool of the Salle du Palais.<br \/>\nThierry Guinot, current president of the Val d&#8217;Arly guide bureau, confirms that our guides are constantly adapting to changing customer expectations, as well as to climatic constraints, snow conditions and high mountain conditions.<\/p>\n<p>IN FIGURES<br \/>\nWorkforce (excluding external reinforcements)<br \/>\n15 permanent mountain guides, 6 of whom are also downhill ski instructors, plus 5 as priority back-up.<br \/>\n12 guides, 5 of whom are alpine ski instructors and one cross-country ski instructor, with 7 guides as priority reinforcements<br \/>\n2 administrative and reception staff, open 7 days a week in season<br \/>\nThanks to Luc Berthelot for his prose and his commitment.<br \/>\nThanks to Sylvie Bessy for her summary.[\/vc_column_text][\/vc_column][\/vc_row][vc_row full_width=&#8221;stretch_row&#8221; column_spacing=&#8221;10&#8243; css=&#8221;.vc_custom_1695214407333{padding-bottom: 40px !important;background-color: #f2f2f2 !important;}&#8221;][vc_column]<style>.vcex-callout.vcex_69de3a1fc9211{border-color:#dd9933;}.vcex-callout.vcex_69de3a1fc9211 .vcex-callout-link:hover{background-color:#dd9933;color:#ffffff;}<\/style><div class=\"vcex-callout vcex-module wpex-boxed with-button wpex-text-center wpex-md-text-initial wpex-md-flex wpex-md-items-center wpex-border-solid wpex-border wpex-shadow-sm vcex_69de3a1fc9211\"><div class=\"vcex-callout-caption wpex-last-mb-0 wpex-text-md wpex-mb-20 wpex-md-w-75 wpex-md-pr-20 wpex-md-mb-0\"><p>For all reservation and information requests. Don&#8217;t hesitate to contact us by phone +33(0)4 50 21 55 11 or by the contact form.<\/p>\n<\/div><div class=\"vcex-callout-button wpex-md-w-25 wpex-md-text-right\"><a href=\"https:\/\/guides-megeve.com\/contact\/\" title=\"Contact us\" class=\"vcex-callout-link theme-button outline wpex-text-center wpex-text-base\">Contact us<\/a><\/div><\/div>[\/vc_column][\/vc_row]\n<\/div>","protected":false},"excerpt":{"rendered":"<p>[vc_row full_width=&#8221;stretch_row_content&#8221; column_spacing=&#8221;10&#8243; tablet_fullwidth_cols=&#8221;yes&#8221; css=&#8221;.vc_custom_1695130235063{padding-bottom: 50px !important;background-color: #f2f2f2 !important;}&#8221;][vc_column][vc_single_image image=&#8221;173&#8243; img_size=&#8221;1920&#215;300&#8243; alignment=&#8221;center&#8221;][\/vc_column][\/vc_row][vc_row full_width=&#8221;stretch_row_content_no_spaces&#8221; column_spacing=&#8221;20&#8243; tablet_fullwidth_cols=&#8221;yes&#8221; css=&#8221;.vc_custom_1695126066904{background-color: #f2f2f2 !important;}&#8221;][vc_column][\/vc_column][\/vc_row][vc_row full_width=&#8221;stretch_row&#8221; column_spacing=&#8221;20&#8243; css=&#8221;.vc_custom_1695133888147{background-color: #f2f2f2 !important;}&#8221;][vc_column][vc_column_text] HISTORY [\/vc_column_text][vc_column_text] Meg\u00e8ve Mountain Guides Office [\/vc_column_text][\/vc_column][\/vc_row][vc_row full_width=&#8221;stretch_row&#8221; column_spacing=&#8221;20&#8243; css=&#8221;.vc_custom_1695904187889{padding-top: 20px !important;background-color: #f2f2f2 !important;}&#8221;][vc_column][vc_column_text]History of Val d&#8217;Arly mountain guides To find out more about the long history of the Val d&#8217;Arly Guide&hellip;<\/p>\n","protected":false},"author":1,"featured_media":0,"parent":0,"menu_order":0,"comment_status":"closed","ping_status":"closed","template":"","meta":{"_monsterinsights_skip_tracking":false,"_monsterinsights_sitenote_active":false,"_monsterinsights_sitenote_note":"","_monsterinsights_sitenote_category":0,"footnotes":""},"class_list":["post-1101","page","type-page","status-publish","hentry","entry","no-media"],"yoast_head":"<!-- This site is optimized with the Yoast SEO plugin v26.4 - https:\/\/yoast.com\/wordpress\/plugins\/seo\/ -->\n<title>History of the Meg\u00e8ve guides - Bureau des Guides de Meg\u00e8ve<\/title>\n<meta name=\"description\" content=\"Histoire des guides de Meg\u00e8ve, the history of the guides and mountain leaders of the Bureau des Guides de Meg\u00e8ve.\" \/>\n<meta name=\"robots\" content=\"index, follow, max-snippet:-1, max-image-preview:large, max-video-preview:-1\" \/>\n<link rel=\"canonical\" href=\"https:\/\/guides-megeve.com\/en\/history\/\" \/>\n<meta property=\"og:locale\" content=\"en_US\" \/>\n<meta property=\"og:type\" content=\"article\" \/>\n<meta property=\"og:title\" content=\"History of the Meg\u00e8ve guides - Bureau des Guides de Meg\u00e8ve\" \/>\n<meta property=\"og:description\" content=\"Histoire des guides de Meg\u00e8ve, the history of the guides and mountain leaders of the Bureau des Guides de Meg\u00e8ve.\" \/>\n<meta property=\"og:url\" content=\"https:\/\/guides-megeve.com\/en\/history\/\" \/>\n<meta property=\"og:site_name\" content=\"Bureau des Guides de Meg\u00e8ve\" \/>\n<meta property=\"article:publisher\" content=\"https:\/\/www.facebook.com\/profile.php?id=100063637980583\" \/>\n<meta property=\"article:modified_time\" content=\"2025-04-24T14:43:16+00:00\" \/>\n<meta property=\"og:image\" content=\"https:\/\/guides-megeve.com\/wp-content\/uploads\/2023\/09\/bureau-des-guides-megeve.jpg\" \/>\n\t<meta property=\"og:image:width\" content=\"1920\" \/>\n\t<meta property=\"og:image:height\" content=\"1080\" \/>\n\t<meta property=\"og:image:type\" content=\"image\/jpeg\" \/>\n<meta name=\"twitter:card\" content=\"summary_large_image\" \/>\n<meta name=\"twitter:label1\" content=\"Est. reading time\" \/>\n\t<meta name=\"twitter:data1\" content=\"4 minutes\" \/>\n<script type=\"application\/ld+json\" class=\"yoast-schema-graph\">{\"@context\":\"https:\/\/schema.org\",\"@graph\":[{\"@type\":\"WebPage\",\"@id\":\"https:\/\/guides-megeve.com\/en\/history\/\",\"url\":\"https:\/\/guides-megeve.com\/en\/history\/\",\"name\":\"History of the Meg\u00e8ve guides - Bureau des Guides de Meg\u00e8ve\",\"isPartOf\":{\"@id\":\"https:\/\/guides-megeve.com\/en\/#website\"},\"datePublished\":\"2023-09-28T12:25:10+00:00\",\"dateModified\":\"2025-04-24T14:43:16+00:00\",\"description\":\"Histoire des guides de Meg\u00e8ve, the history of the guides and mountain leaders of the Bureau des Guides de Meg\u00e8ve.\",\"breadcrumb\":{\"@id\":\"https:\/\/guides-megeve.com\/en\/history\/#breadcrumb\"},\"inLanguage\":\"en-US\",\"potentialAction\":[{\"@type\":\"ReadAction\",\"target\":[\"https:\/\/guides-megeve.com\/en\/history\/\"]}]},{\"@type\":\"BreadcrumbList\",\"@id\":\"https:\/\/guides-megeve.com\/en\/history\/#breadcrumb\",\"itemListElement\":[{\"@type\":\"ListItem\",\"position\":1,\"name\":\"Accueil\",\"item\":\"https:\/\/guides-megeve.com\/en\/winter-home\/\"},{\"@type\":\"ListItem\",\"position\":2,\"name\":\"History\"}]},{\"@type\":\"WebSite\",\"@id\":\"https:\/\/guides-megeve.com\/en\/#website\",\"url\":\"https:\/\/guides-megeve.com\/en\/\",\"name\":\"Bureau des Guides de Meg\u00e8ve\",\"description\":\"Guides et accompagnateurs en Montagne \u00e0 Meg\u00e8ve\",\"publisher\":{\"@id\":\"https:\/\/guides-megeve.com\/en\/#organization\"},\"potentialAction\":[{\"@type\":\"SearchAction\",\"target\":{\"@type\":\"EntryPoint\",\"urlTemplate\":\"https:\/\/guides-megeve.com\/en\/?s={search_term_string}\"},\"query-input\":{\"@type\":\"PropertyValueSpecification\",\"valueRequired\":true,\"valueName\":\"search_term_string\"}}],\"inLanguage\":\"en-US\"},{\"@type\":\"Organization\",\"@id\":\"https:\/\/guides-megeve.com\/en\/#organization\",\"name\":\"Bureau des Guides de Meg\u00e8ve\",\"url\":\"https:\/\/guides-megeve.com\/en\/\",\"logo\":{\"@type\":\"ImageObject\",\"inLanguage\":\"en-US\",\"@id\":\"https:\/\/guides-megeve.com\/en\/#\/schema\/logo\/image\/\",\"url\":\"https:\/\/bureaudesguidesmegeve.fr\/wp-content\/uploads\/2023\/11\/logo-guides-gris.png\",\"contentUrl\":\"https:\/\/bureaudesguidesmegeve.fr\/wp-content\/uploads\/2023\/11\/logo-guides-gris.png\",\"width\":500,\"height\":500,\"caption\":\"Bureau des Guides de Meg\u00e8ve\"},\"image\":{\"@id\":\"https:\/\/guides-megeve.com\/en\/#\/schema\/logo\/image\/\"},\"sameAs\":[\"https:\/\/www.facebook.com\/profile.php?id=100063637980583\",\"https:\/\/www.instagram.com\/guidesdemegeve\/\"]}]}<\/script>\n<!-- \/ Yoast SEO plugin. -->","yoast_head_json":{"title":"History of the Meg\u00e8ve guides - Bureau des Guides de Meg\u00e8ve","description":"Histoire des guides de Meg\u00e8ve, the history of the guides and mountain leaders of the Bureau des Guides de Meg\u00e8ve.","robots":{"index":"index","follow":"follow","max-snippet":"max-snippet:-1","max-image-preview":"max-image-preview:large","max-video-preview":"max-video-preview:-1"},"canonical":"https:\/\/guides-megeve.com\/en\/history\/","og_locale":"en_US","og_type":"article","og_title":"History of the Meg\u00e8ve guides - Bureau des Guides de Meg\u00e8ve","og_description":"Histoire des guides de Meg\u00e8ve, the history of the guides and mountain leaders of the Bureau des Guides de Meg\u00e8ve.","og_url":"https:\/\/guides-megeve.com\/en\/history\/","og_site_name":"Bureau des Guides de Meg\u00e8ve","article_publisher":"https:\/\/www.facebook.com\/profile.php?id=100063637980583","article_modified_time":"2025-04-24T14:43:16+00:00","og_image":[{"width":1920,"height":1080,"url":"https:\/\/guides-megeve.com\/wp-content\/uploads\/2023\/09\/bureau-des-guides-megeve.jpg","type":"image\/jpeg"}],"twitter_card":"summary_large_image","twitter_misc":{"Est. reading time":"4 minutes"},"schema":{"@context":"https:\/\/schema.org","@graph":[{"@type":"WebPage","@id":"https:\/\/guides-megeve.com\/en\/history\/","url":"https:\/\/guides-megeve.com\/en\/history\/","name":"History of the Meg\u00e8ve guides - Bureau des Guides de Meg\u00e8ve","isPartOf":{"@id":"https:\/\/guides-megeve.com\/en\/#website"},"datePublished":"2023-09-28T12:25:10+00:00","dateModified":"2025-04-24T14:43:16+00:00","description":"Histoire des guides de Meg\u00e8ve, the history of the guides and mountain leaders of the Bureau des Guides de Meg\u00e8ve.","breadcrumb":{"@id":"https:\/\/guides-megeve.com\/en\/history\/#breadcrumb"},"inLanguage":"en-US","potentialAction":[{"@type":"ReadAction","target":["https:\/\/guides-megeve.com\/en\/history\/"]}]},{"@type":"BreadcrumbList","@id":"https:\/\/guides-megeve.com\/en\/history\/#breadcrumb","itemListElement":[{"@type":"ListItem","position":1,"name":"Accueil","item":"https:\/\/guides-megeve.com\/en\/winter-home\/"},{"@type":"ListItem","position":2,"name":"History"}]},{"@type":"WebSite","@id":"https:\/\/guides-megeve.com\/en\/#website","url":"https:\/\/guides-megeve.com\/en\/","name":"Bureau des Guides de Meg\u00e8ve","description":"Guides et accompagnateurs en Montagne \u00e0 Meg\u00e8ve","publisher":{"@id":"https:\/\/guides-megeve.com\/en\/#organization"},"potentialAction":[{"@type":"SearchAction","target":{"@type":"EntryPoint","urlTemplate":"https:\/\/guides-megeve.com\/en\/?s={search_term_string}"},"query-input":{"@type":"PropertyValueSpecification","valueRequired":true,"valueName":"search_term_string"}}],"inLanguage":"en-US"},{"@type":"Organization","@id":"https:\/\/guides-megeve.com\/en\/#organization","name":"Bureau des Guides de Meg\u00e8ve","url":"https:\/\/guides-megeve.com\/en\/","logo":{"@type":"ImageObject","inLanguage":"en-US","@id":"https:\/\/guides-megeve.com\/en\/#\/schema\/logo\/image\/","url":"https:\/\/bureaudesguidesmegeve.fr\/wp-content\/uploads\/2023\/11\/logo-guides-gris.png","contentUrl":"https:\/\/bureaudesguidesmegeve.fr\/wp-content\/uploads\/2023\/11\/logo-guides-gris.png","width":500,"height":500,"caption":"Bureau des Guides de Meg\u00e8ve"},"image":{"@id":"https:\/\/guides-megeve.com\/en\/#\/schema\/logo\/image\/"},"sameAs":["https:\/\/www.facebook.com\/profile.php?id=100063637980583","https:\/\/www.instagram.com\/guidesdemegeve\/"]}]}},"_links":{"self":[{"href":"https:\/\/guides-megeve.com\/en\/wp-json\/wp\/v2\/pages\/1101","targetHints":{"allow":["GET"]}}],"collection":[{"href":"https:\/\/guides-megeve.com\/en\/wp-json\/wp\/v2\/pages"}],"about":[{"href":"https:\/\/guides-megeve.com\/en\/wp-json\/wp\/v2\/types\/page"}],"author":[{"embeddable":true,"href":"https:\/\/guides-megeve.com\/en\/wp-json\/wp\/v2\/users\/1"}],"replies":[{"embeddable":true,"href":"https:\/\/guides-megeve.com\/en\/wp-json\/wp\/v2\/comments?post=1101"}],"version-history":[{"count":0,"href":"https:\/\/guides-megeve.com\/en\/wp-json\/wp\/v2\/pages\/1101\/revisions"}],"wp:attachment":[{"href":"https:\/\/guides-megeve.com\/en\/wp-json\/wp\/v2\/media?parent=1101"}],"curies":[{"name":"wp","href":"https:\/\/api.w.org\/{rel}","templated":true}]}}