{"id":1083,"date":"2023-09-19T17:46:05","date_gmt":"2023-09-19T15:46:05","guid":{"rendered":"https:\/\/bureaudesguidesmegeve.fr\/children-teens\/"},"modified":"2026-02-05T16:57:16","modified_gmt":"2026-02-05T15:57:16","slug":"children-teens","status":"publish","type":"page","link":"https:\/\/guides-megeve.com\/en\/children-teens\/","title":{"rendered":"Children &#8211; Teens Meg\u00e8ve"},"content":{"rendered":"<div class=\"wpb-content-wrapper\">[vc_row full_width=&#8221;stretch_row_content&#8221; column_spacing=&#8221;10&#8243; tablet_fullwidth_cols=&#8221;yes&#8221; css=&#8221;.vc_custom_1695130235063{padding-bottom: 50px !important;background-color: #f2f2f2 !important;}&#8221;][vc_column][vc_single_image image=&#8221;607&#8243; img_size=&#8221;1920&#215;300&#8243; alignment=&#8221;center&#8221;][\/vc_column][\/vc_row][vc_row full_width=&#8221;stretch_row_content_no_spaces&#8221; column_spacing=&#8221;20&#8243; tablet_fullwidth_cols=&#8221;yes&#8221; css=&#8221;.vc_custom_1695126066904{background-color: #f2f2f2 !important;}&#8221;][vc_column]<div id=\"ult-easy-separator-358096311269d68b1e64b15\" class=\"ult-easy-separator-wrapper ult-responsive ult-top-easy-separator ult-easy-separator-no-default \" style=\"transform: translate(-50%,-108%)!important;-ms-transform: translate(-50%,-108%)!important;-webkit-transform: translate(-50%,-108%)!important;\" data-vc-row=\"wpb_row\"  data-ultimate-target='#ult-easy-separator-358096311269d68b1e64b15'  data-responsive-json-new='{\"width\":\"desktop:1920px;tablet:1600px;tablet_portrait:1400px;\"}' ><div class=\"ult-easy-separator-inner-wrapper\"><div class=\"ult-no-animation\" style=\"opacity:0;\"   ><img class=\"ult-easy-separator-img\" alt=\"null\" src=\"https:\/\/guides-megeve.com\/wp-content\/uploads\/2023\/09\/montagnes5gris.png\" \/><\/div><\/div><\/div>[\/vc_column][\/vc_row][vc_row full_width=&#8221;stretch_row_content&#8221; column_spacing=&#8221;10&#8243; css=&#8221;.vc_custom_1695134536563{padding-bottom: 40px !important;background-color: #f2f2f2 !important;}&#8221;][vc_column width=&#8221;1\/3&#8243;]<style>.vcex-image-banner.vcex_69d68b1e6560f{min-height:450px;}.vcex-image-banner.vcex_69d68b1e6560f .vcex-ib-caption{padding-block-end:15px;font-size:15px;font-family:Roboto, sans-serif;}.vcex-image-banner.vcex_69d68b1e6560f .vcex-ib-button-inner{font-family:Roboto, sans-serif;}.vcex-image-banner.vcex_69d68b1e6560f .vcex-ib-button-inner:hover{background:#dd9933;color:#ffffff;}<\/style><a class=\"vcex-module vcex-image-banner vcex-image-banner-has-link wpex-no-underline wpex-flex wpex-flex-col wpex-w-100 wpex-justify-center wpex-relative wpex-overflow-hidden wpex-bg-gray-900 wpex-text-white wpex-hover-text-white wpex-text-center vcex-h-zoom wpex-isolate vcex-has-button vcex_69d68b1e6560f\" href=\"https:\/\/booking.yoplanning.pro\/d7bcfa1f-1077-4fa0-9693-27ee28822cf8\/product\/9e123be6-ab8f-41d3-95e3-26b1216b5384\"><span class=\"vcex-ib-img wpex-block wpex-transition-all wpex-duration-500 wpex-bg-cover wpex-absolute wpex-inset-0\" style=\"background-image:url(https:\/\/guides-megeve.com\/wp-content\/uploads\/2023\/09\/stage-escalade-guide-megeve.jpg);\"><\/span><div class=\"vcex-ib-overlay wpex-absolute wpex-inset-0 wpex-transition-all wpex-duration-500\"><div class=\"vcex-ib-overlay-bg wpex-absolute wpex-inset-0 wpex-bg-black wpex-opacity-30\"><\/div><\/div><div class=\"vcex-ib-content-wrap wpex-w-100 wpex-transition-all wpex-duration-500 wpex-py-100 wpex-px-40 wpex-relative\"><div class=\"vcex-ib-content wpex-mx-auto\"><div class=\"vcex-ib-title wpex-heading wpex-inherit-color-important\">Climbing course<\/div><div class=\"vcex-ib-caption wpex-text-lg wpex-last-mb-0\">Beginners - Five half-days - mornings Monday to Friday.<\/div><div class=\"vcex-ib-button\"><span class=\"vcex-ib-button-inner theme-button outline\">Info &amp; Reservations<\/span><\/div><\/div><\/div><\/a>[\/vc_column][vc_column width=&#8221;1\/3&#8243;]<style>.vcex-image-banner.vcex_69d68b1e68178{min-height:450px;}.vcex-image-banner.vcex_69d68b1e68178 .vcex-ib-caption{padding-block-end:15px;font-size:15px;font-family:Roboto, sans-serif;}.vcex-image-banner.vcex_69d68b1e68178 .vcex-ib-button-inner{font-family:Roboto, sans-serif;}.vcex-image-banner.vcex_69d68b1e68178 .vcex-ib-button-inner:hover{background:#dd9933;color:#ffffff;}<\/style><a class=\"vcex-module vcex-image-banner vcex-image-banner-has-link wpex-no-underline wpex-flex wpex-flex-col wpex-w-100 wpex-justify-center wpex-relative wpex-overflow-hidden wpex-bg-gray-900 wpex-text-white wpex-hover-text-white wpex-text-center vcex-h-zoom wpex-isolate vcex-has-button vcex_69d68b1e68178\" href=\"https:\/\/booking.yoplanning.pro\/d7bcfa1f-1077-4fa0-9693-27ee28822cf8\/product\/1e12899f-b92d-424e-842d-8073fd5ff4ea\"><span class=\"vcex-ib-img wpex-block wpex-transition-all wpex-duration-500 wpex-bg-cover wpex-absolute wpex-inset-0\" style=\"background-image:url(https:\/\/guides-megeve.com\/wp-content\/uploads\/2023\/09\/stage-grimpeur.jpg);\"><\/span><div class=\"vcex-ib-overlay wpex-absolute wpex-inset-0 wpex-transition-all wpex-duration-500\"><div class=\"vcex-ib-overlay-bg wpex-absolute wpex-inset-0 wpex-bg-black wpex-opacity-30\"><\/div><\/div><div class=\"vcex-ib-content-wrap wpex-w-100 wpex-transition-all wpex-duration-500 wpex-py-100 wpex-px-40 wpex-relative\"><div class=\"vcex-ib-content wpex-mx-auto\"><div class=\"vcex-ib-title wpex-heading wpex-inherit-color-important\">Climbing course<\/div><div class=\"vcex-ib-caption wpex-text-lg wpex-last-mb-0\">Minimum level: Gold-plated karabiner - Minimum age 12.<\/div><div class=\"vcex-ib-button\"><span class=\"vcex-ib-button-inner theme-button outline\">Info &amp; Reservations<\/span><\/div><\/div><\/div><\/a>[\/vc_column][vc_column width=&#8221;1\/3&#8243;]<style>.vcex-image-banner.vcex_69d68b1e68dd8{min-height:450px;}.vcex-image-banner.vcex_69d68b1e68dd8 .vcex-ib-caption{padding-block-end:15px;font-size:15px;font-family:Roboto, sans-serif;}.vcex-image-banner.vcex_69d68b1e68dd8 .vcex-ib-button-inner{font-family:Roboto, sans-serif;}.vcex-image-banner.vcex_69d68b1e68dd8 .vcex-ib-button-inner:hover{background:#dd9933;color:#ffffff;}<\/style><a class=\"vcex-module vcex-image-banner vcex-image-banner-has-link wpex-no-underline wpex-flex wpex-flex-col wpex-w-100 wpex-justify-center wpex-relative wpex-overflow-hidden wpex-bg-gray-900 wpex-text-white wpex-hover-text-white wpex-text-center vcex-h-zoom wpex-isolate vcex-has-button vcex_69d68b1e68dd8\" href=\"https:\/\/guides-megeve.com\/en\/fishing-in-the-mountains-2\/\" title=\"Contact\"><span class=\"vcex-ib-img wpex-block wpex-transition-all wpex-duration-500 wpex-bg-cover wpex-absolute wpex-inset-0\" style=\"background-image:url(https:\/\/guides-megeve.com\/wp-content\/uploads\/2023\/09\/via-megeve.jpg);\"><\/span><div class=\"vcex-ib-overlay wpex-absolute wpex-inset-0 wpex-transition-all wpex-duration-500\"><div class=\"vcex-ib-overlay-bg wpex-absolute wpex-inset-0 wpex-bg-black wpex-opacity-30\"><\/div><\/div><div class=\"vcex-ib-content-wrap wpex-w-100 wpex-transition-all wpex-duration-500 wpex-py-100 wpex-px-40 wpex-relative\"><div class=\"vcex-ib-content wpex-mx-auto\"><div class=\"vcex-ib-title wpex-heading wpex-inherit-color-important\">Multi-activity teen course<\/div><div class=\"vcex-ib-caption wpex-text-lg wpex-last-mb-0\">5 afternoons, Climbing - Mountain biking - Canyoning - Hiking - Via Ferrata<\/div><div class=\"vcex-ib-button\"><span class=\"vcex-ib-button-inner theme-button outline\">Info &amp; Reservations<\/span><\/div><\/div><\/div><\/a>[\/vc_column][\/vc_row][vc_row full_width=&#8221;stretch_row_content&#8221; column_spacing=&#8221;10&#8243; css=&#8221;.vc_custom_1695134536563{padding-bottom: 40px !important;background-color: #f2f2f2 !important;}&#8221;][vc_column width=&#8221;1\/4&#8243;][\/vc_column][vc_column width=&#8221;1\/4&#8243;]<style>.vcex-image-banner.vcex_69d68b1e6aae4{min-height:450px;}.vcex-image-banner.vcex_69d68b1e6aae4 .vcex-ib-caption{padding-block-end:15px;font-size:15px;font-family:Roboto, sans-serif;}.vcex-image-banner.vcex_69d68b1e6aae4 .vcex-ib-button-inner{font-family:Roboto, sans-serif;}.vcex-image-banner.vcex_69d68b1e6aae4 .vcex-ib-button-inner:hover{background:#dd9933;color:#ffffff;}<\/style><a class=\"vcex-module vcex-image-banner vcex-image-banner-has-link wpex-no-underline wpex-flex wpex-flex-col wpex-w-100 wpex-justify-center wpex-relative wpex-overflow-hidden wpex-bg-gray-900 wpex-text-white wpex-hover-text-white wpex-text-center vcex-h-zoom wpex-isolate vcex-has-button vcex_69d68b1e6aae4\" href=\"https:\/\/guides-megeve.com\/escalade-cours-particuliers\/\" title=\"Escalade cours particuliers\"><span class=\"vcex-ib-img wpex-block wpex-transition-all wpex-duration-500 wpex-bg-cover wpex-absolute wpex-inset-0\" style=\"background-image:url(https:\/\/guides-megeve.com\/wp-content\/uploads\/2023\/09\/escalade-a-lheure.jpg);\"><\/span><div class=\"vcex-ib-overlay wpex-absolute wpex-inset-0 wpex-transition-all wpex-duration-500\"><div class=\"vcex-ib-overlay-bg wpex-absolute wpex-inset-0 wpex-bg-black wpex-opacity-30\"><\/div><\/div><div class=\"vcex-ib-content-wrap wpex-w-100 wpex-transition-all wpex-duration-500 wpex-py-100 wpex-px-40 wpex-relative\"><div class=\"vcex-ib-content wpex-mx-auto\"><div class=\"vcex-ib-title wpex-heading wpex-inherit-color-important\">Private climbing lessons by the hour<\/div><div class=\"vcex-ib-caption wpex-text-lg wpex-last-mb-0\">From 6 years old, the guide can supervise 1 to 6 people max.<\/div><div class=\"vcex-ib-button\"><span class=\"vcex-ib-button-inner theme-button outline\">Info &amp; Reservations<\/span><\/div><\/div><\/div><\/a>[\/vc_column][vc_column width=&#8221;1\/4&#8243;]<style>.vcex-image-banner.vcex_69d68b1e6dcc3{min-height:450px;}.vcex-image-banner.vcex_69d68b1e6dcc3 .vcex-ib-caption{padding-block-end:15px;font-size:15px;font-family:Roboto, sans-serif;}.vcex-image-banner.vcex_69d68b1e6dcc3 .vcex-ib-button-inner{font-family:Roboto, sans-serif;}.vcex-image-banner.vcex_69d68b1e6dcc3 .vcex-ib-button-inner:hover{background:#dd9933;color:#ffffff;}<\/style><a class=\"vcex-module vcex-image-banner vcex-image-banner-has-link wpex-no-underline wpex-flex wpex-flex-col wpex-w-100 wpex-justify-center wpex-relative wpex-overflow-hidden wpex-bg-gray-900 wpex-text-white wpex-hover-text-white wpex-text-center vcex-h-zoom wpex-isolate vcex-has-button vcex_69d68b1e6dcc3\" href=\"https:\/\/booking.yoplanning.pro\/d7bcfa1f-1077-4fa0-9693-27ee28822cf8\/product\/2a06ef77-8157-4bfd-bd03-f9c3bc6a0359\" title=\"Escalade cours particuliers\"><span class=\"vcex-ib-img wpex-block wpex-transition-all wpex-duration-500 wpex-bg-cover wpex-absolute wpex-inset-0\" style=\"background-image:url(https:\/\/guides-megeve.com\/wp-content\/uploads\/2025\/05\/Escalade-Martinet-Juin-2023-4.jpg);\"><\/span><div class=\"vcex-ib-overlay wpex-absolute wpex-inset-0 wpex-transition-all wpex-duration-500\"><div class=\"vcex-ib-overlay-bg wpex-absolute wpex-inset-0 wpex-bg-black wpex-opacity-30\"><\/div><\/div><div class=\"vcex-ib-content-wrap wpex-w-100 wpex-transition-all wpex-duration-500 wpex-py-100 wpex-px-40 wpex-relative\"><div class=\"vcex-ib-content wpex-mx-auto\"><div class=\"vcex-ib-title wpex-heading wpex-inherit-color-important\">Initiation for 5-8 year-olds<\/div><div class=\"vcex-ib-caption wpex-text-lg wpex-last-mb-0\">From 6 years old, the guide can supervise 1 to 6 people max.<\/div><div class=\"vcex-ib-button\"><span class=\"vcex-ib-button-inner theme-button outline\">Info &amp; Reservations<\/span><\/div><\/div><\/div><\/a>[\/vc_column][vc_column width=&#8221;1\/4&#8243;][\/vc_column][\/vc_row][vc_row full_width=&#8221;stretch_row&#8221; content_placement=&#8221;top&#8221; column_spacing=&#8221;20&#8243; full_height=&#8221;yes&#8221; equal_height=&#8221;yes&#8221; css=&#8221;.vc_custom_1728295263264{background-color: #f2f2f2 !important;}&#8221;][vc_column width=&#8221;1\/2&#8243;][vc_single_image image=&#8221;609&#8243; alignment=&#8221;center&#8221;][\/vc_column][vc_column width=&#8221;1\/2&#8243;][vc_column_text]\n<h1 style=\"text-align: center;\">CHILDREN&#8217;S COURSES<\/h1>\n[\/vc_column_text]<div class=\"vcex-module vcex-divider vcex-divider-solid vcex-divider-center wpex-mx-auto wpex-max-w-100 wpex-block wpex-h-0 wpex-border-b wpex-border-solid wpex-border-main\" style=\"width:60px;border-bottom-width:1px;border-color:#dd9933;\"><\/div><div class=\"vcex-spacing wpex-w-100 wpex-clear\"><\/div>[vc_column_text css=&#8221;&#8221;]Discover our courses for children and teenagers in Meg\u00e8ve, combining sport, adventure and learning in the great outdoors.<\/p>\n<p><strong>Multi-activity course for teenagers<\/strong> over 5 afternoons from Monday to Friday to practice the following activities:<br \/>\n&#8211; Climbing<br \/>\n&#8211; Mountain biking (mountain bikes not provided)<br \/>\n&#8211; Canyoning<br \/>\n&#8211; Hiking &#8220;Autonomy in the mountains&#8221;<br \/>\n&#8211; Via Ferrata<\/p>\n<p>These internships are designed to offer a complete and enriching experience, allowing young people to have fun while developing new skills.<\/p>\n<p>Minimum age: 12 years \/ Mountain bike hire extra<\/p>\n<p><strong>Climbing courses for children and teenagers<\/strong><br \/>\nOur weekly summer climbing courses are the perfect way to improve your climbing skills and have fun at the same time. These courses take place over five mornings and include an assessment at the end of the week.<\/p>\n<p>Climbing course organization<br \/>\n&#8211; Duration: Monday to Friday, mornings.<br \/>\n&#8211; Timetable: Meet at 8:45am in front of the Meg\u00e8ve Guide Bureau, return at 12:15pm.<br \/>\n&#8211; Location: Natural sites (with indoor facilities in case of rain).<\/p>\n<p>Climbing harnesses and helmets are provided.<br \/>\nParticipants should wear climbing shoes if available, or soft-soled sneakers.<\/p>\n<p>Minimum age: 8 years<\/p>\n<p><strong>Climbers&#8217; course<br \/>\n<\/strong>Over two and a half days, this course includes:<br \/>\n&#8211; A first half-day to review and assess levels.<br \/>\n&#8211; Two full days to learn how to progress on long routes.<\/p>\n<p>Minimum level: Gold-plated karabiner<br \/>\nMinimum age: 12 years<\/p>\n<p>Give your children and teenagers an unforgettable experience in Meg\u00e8ve by taking part in our multi-activity and climbing courses. For further information and reservations, please contact us.<\/p>\n<p>Sign up now for one of our Meg\u00e8ve courses and let your children and teenagers experience extraordinary adventures![\/vc_column_text][\/vc_column][\/vc_row][vc_row full_width=&#8221;stretch_row&#8221; column_spacing=&#8221;10&#8243; css=&#8221;.vc_custom_1695213526075{padding-bottom: 40px !important;background-color: #f2f2f2 !important;}&#8221;][vc_column]<style>.vcex-callout.vcex_69d68b1e6eedb{border-color:#dd9933;}.vcex-callout.vcex_69d68b1e6eedb .vcex-callout-link:hover{background-color:#dd9933;color:#ffffff;}<\/style><div class=\"vcex-callout vcex-module wpex-boxed with-button wpex-text-center wpex-md-text-initial wpex-md-flex wpex-md-items-center wpex-border-solid wpex-border wpex-shadow-sm vcex_69d68b1e6eedb\"><div class=\"vcex-callout-caption wpex-last-mb-0 wpex-text-md wpex-mb-20 wpex-md-w-75 wpex-md-pr-20 wpex-md-mb-0\"><p>For further information, please contact us by telephone on +33(0)4 50 21 55 11 or by email.<\/p>\n<\/div><div class=\"vcex-callout-button wpex-md-w-25 wpex-md-text-right\"><a href=\"https:\/\/guides-megeve.com\/contact\/\" title=\"Nous contacter\" class=\"vcex-callout-link theme-button outline wpex-text-center wpex-text-base\">Nous contacter<\/a><\/div><\/div>[\/vc_column][\/vc_row]\n<\/div>","protected":false},"excerpt":{"rendered":"<p>[vc_row full_width=&#8221;stretch_row_content&#8221; column_spacing=&#8221;10&#8243; tablet_fullwidth_cols=&#8221;yes&#8221; css=&#8221;.vc_custom_1695130235063{padding-bottom: 50px !important;background-color: #f2f2f2 !important;}&#8221;][vc_column][vc_single_image image=&#8221;607&#8243; img_size=&#8221;1920&#215;300&#8243; alignment=&#8221;center&#8221;][\/vc_column][\/vc_row][vc_row full_width=&#8221;stretch_row_content_no_spaces&#8221; column_spacing=&#8221;20&#8243; tablet_fullwidth_cols=&#8221;yes&#8221; css=&#8221;.vc_custom_1695126066904{background-color: #f2f2f2 !important;}&#8221;][vc_column][\/vc_column][\/vc_row][vc_row full_width=&#8221;stretch_row_content&#8221; column_spacing=&#8221;10&#8243; css=&#8221;.vc_custom_1695134536563{padding-bottom: 40px !important;background-color: #f2f2f2 !important;}&#8221;][vc_column width=&#8221;1\/3&#8243;][\/vc_column][vc_column width=&#8221;1\/3&#8243;][\/vc_column][vc_column width=&#8221;1\/3&#8243;][\/vc_column][\/vc_row][vc_row full_width=&#8221;stretch_row_content&#8221; column_spacing=&#8221;10&#8243; css=&#8221;.vc_custom_1695134536563{padding-bottom: 40px !important;background-color: #f2f2f2 !important;}&#8221;][vc_column width=&#8221;1\/4&#8243;][\/vc_column][vc_column width=&#8221;1\/4&#8243;][\/vc_column][vc_column width=&#8221;1\/4&#8243;][\/vc_column][vc_column width=&#8221;1\/4&#8243;][\/vc_column][\/vc_row][vc_row full_width=&#8221;stretch_row&#8221; content_placement=&#8221;top&#8221; column_spacing=&#8221;20&#8243; full_height=&#8221;yes&#8221; equal_height=&#8221;yes&#8221; css=&#8221;.vc_custom_1728295263264{background-color: #f2f2f2 !important;}&#8221;][vc_column width=&#8221;1\/2&#8243;][vc_single_image image=&#8221;609&#8243; alignment=&#8221;center&#8221;][\/vc_column][vc_column width=&#8221;1\/2&#8243;][vc_column_text] CHILDREN&#8217;S COURSES [\/vc_column_text][vc_column_text css=&#8221;&#8221;]Discover&hellip;<\/p>\n","protected":false},"author":1,"featured_media":0,"parent":0,"menu_order":0,"comment_status":"closed","ping_status":"closed","template":"","meta":{"_monsterinsights_skip_tracking":false,"_monsterinsights_sitenote_active":false,"_monsterinsights_sitenote_note":"","_monsterinsights_sitenote_category":0,"footnotes":""},"class_list":["post-1083","page","type-page","status-publish","hentry","entry","no-media"],"yoast_head":"<!-- This site is optimized with the Yoast SEO plugin v26.4 - https:\/\/yoast.com\/wordpress\/plugins\/seo\/ -->\n<title>Activities for children and teenagers in Megeve - Bureau de Guides de Meg\u00e8ve<\/title>\n<meta name=\"description\" content=\"Activities for kids and teens in Megeve, discover lots of activities for your children and teens with the Megeve Guide Bureau.\" \/>\n<meta name=\"robots\" content=\"index, follow, max-snippet:-1, max-image-preview:large, max-video-preview:-1\" \/>\n<link rel=\"canonical\" href=\"https:\/\/guides-megeve.com\/en\/children-teens\/\" \/>\n<meta property=\"og:locale\" content=\"en_US\" \/>\n<meta property=\"og:type\" content=\"article\" \/>\n<meta property=\"og:title\" content=\"Activities for children and teenagers in Megeve - Bureau de Guides de Meg\u00e8ve\" \/>\n<meta property=\"og:description\" content=\"Activities for kids and teens in Megeve, discover lots of activities for your children and teens with the Megeve Guide Bureau.\" \/>\n<meta property=\"og:url\" content=\"https:\/\/guides-megeve.com\/en\/children-teens\/\" \/>\n<meta property=\"og:site_name\" content=\"Bureau des Guides de Meg\u00e8ve\" \/>\n<meta property=\"article:publisher\" content=\"https:\/\/www.facebook.com\/profile.php?id=100063637980583\" \/>\n<meta property=\"article:modified_time\" content=\"2026-02-05T15:57:16+00:00\" \/>\n<meta property=\"og:image\" content=\"https:\/\/guides-megeve.com\/wp-content\/uploads\/2023\/09\/bureau-des-guides-megeve.jpg\" \/>\n\t<meta property=\"og:image:width\" content=\"1920\" \/>\n\t<meta property=\"og:image:height\" content=\"1080\" \/>\n\t<meta property=\"og:image:type\" content=\"image\/jpeg\" \/>\n<meta name=\"twitter:card\" content=\"summary_large_image\" \/>\n<meta name=\"twitter:label1\" content=\"Est. reading time\" \/>\n\t<meta name=\"twitter:data1\" content=\"4 minutes\" \/>\n<script type=\"application\/ld+json\" class=\"yoast-schema-graph\">{\"@context\":\"https:\/\/schema.org\",\"@graph\":[{\"@type\":\"WebPage\",\"@id\":\"https:\/\/guides-megeve.com\/en\/children-teens\/\",\"url\":\"https:\/\/guides-megeve.com\/en\/children-teens\/\",\"name\":\"Activities for children and teenagers in Megeve - Bureau de Guides de Meg\u00e8ve\",\"isPartOf\":{\"@id\":\"https:\/\/guides-megeve.com\/en\/#website\"},\"datePublished\":\"2023-09-19T15:46:05+00:00\",\"dateModified\":\"2026-02-05T15:57:16+00:00\",\"description\":\"Activities for kids and teens in Megeve, discover lots of activities for your children and teens with the Megeve Guide Bureau.\",\"breadcrumb\":{\"@id\":\"https:\/\/guides-megeve.com\/en\/children-teens\/#breadcrumb\"},\"inLanguage\":\"en-US\",\"potentialAction\":[{\"@type\":\"ReadAction\",\"target\":[\"https:\/\/guides-megeve.com\/en\/children-teens\/\"]}]},{\"@type\":\"BreadcrumbList\",\"@id\":\"https:\/\/guides-megeve.com\/en\/children-teens\/#breadcrumb\",\"itemListElement\":[{\"@type\":\"ListItem\",\"position\":1,\"name\":\"Accueil\",\"item\":\"https:\/\/guides-megeve.com\/en\/winter-home\/\"},{\"@type\":\"ListItem\",\"position\":2,\"name\":\"Children &#8211; Teens Meg\u00e8ve\"}]},{\"@type\":\"WebSite\",\"@id\":\"https:\/\/guides-megeve.com\/en\/#website\",\"url\":\"https:\/\/guides-megeve.com\/en\/\",\"name\":\"Bureau des Guides de Meg\u00e8ve\",\"description\":\"Guides et accompagnateurs en Montagne \u00e0 Meg\u00e8ve\",\"publisher\":{\"@id\":\"https:\/\/guides-megeve.com\/en\/#organization\"},\"potentialAction\":[{\"@type\":\"SearchAction\",\"target\":{\"@type\":\"EntryPoint\",\"urlTemplate\":\"https:\/\/guides-megeve.com\/en\/?s={search_term_string}\"},\"query-input\":{\"@type\":\"PropertyValueSpecification\",\"valueRequired\":true,\"valueName\":\"search_term_string\"}}],\"inLanguage\":\"en-US\"},{\"@type\":\"Organization\",\"@id\":\"https:\/\/guides-megeve.com\/en\/#organization\",\"name\":\"Bureau des Guides de Meg\u00e8ve\",\"url\":\"https:\/\/guides-megeve.com\/en\/\",\"logo\":{\"@type\":\"ImageObject\",\"inLanguage\":\"en-US\",\"@id\":\"https:\/\/guides-megeve.com\/en\/#\/schema\/logo\/image\/\",\"url\":\"https:\/\/bureaudesguidesmegeve.fr\/wp-content\/uploads\/2023\/11\/logo-guides-gris.png\",\"contentUrl\":\"https:\/\/bureaudesguidesmegeve.fr\/wp-content\/uploads\/2023\/11\/logo-guides-gris.png\",\"width\":500,\"height\":500,\"caption\":\"Bureau des Guides de Meg\u00e8ve\"},\"image\":{\"@id\":\"https:\/\/guides-megeve.com\/en\/#\/schema\/logo\/image\/\"},\"sameAs\":[\"https:\/\/www.facebook.com\/profile.php?id=100063637980583\",\"https:\/\/www.instagram.com\/guidesdemegeve\/\"]}]}<\/script>\n<!-- \/ Yoast SEO plugin. -->","yoast_head_json":{"title":"Activities for children and teenagers in Megeve - Bureau de Guides de Meg\u00e8ve","description":"Activities for kids and teens in Megeve, discover lots of activities for your children and teens with the Megeve Guide Bureau.","robots":{"index":"index","follow":"follow","max-snippet":"max-snippet:-1","max-image-preview":"max-image-preview:large","max-video-preview":"max-video-preview:-1"},"canonical":"https:\/\/guides-megeve.com\/en\/children-teens\/","og_locale":"en_US","og_type":"article","og_title":"Activities for children and teenagers in Megeve - Bureau de Guides de Meg\u00e8ve","og_description":"Activities for kids and teens in Megeve, discover lots of activities for your children and teens with the Megeve Guide Bureau.","og_url":"https:\/\/guides-megeve.com\/en\/children-teens\/","og_site_name":"Bureau des Guides de Meg\u00e8ve","article_publisher":"https:\/\/www.facebook.com\/profile.php?id=100063637980583","article_modified_time":"2026-02-05T15:57:16+00:00","og_image":[{"width":1920,"height":1080,"url":"https:\/\/guides-megeve.com\/wp-content\/uploads\/2023\/09\/bureau-des-guides-megeve.jpg","type":"image\/jpeg"}],"twitter_card":"summary_large_image","twitter_misc":{"Est. reading time":"4 minutes"},"schema":{"@context":"https:\/\/schema.org","@graph":[{"@type":"WebPage","@id":"https:\/\/guides-megeve.com\/en\/children-teens\/","url":"https:\/\/guides-megeve.com\/en\/children-teens\/","name":"Activities for children and teenagers in Megeve - Bureau de Guides de Meg\u00e8ve","isPartOf":{"@id":"https:\/\/guides-megeve.com\/en\/#website"},"datePublished":"2023-09-19T15:46:05+00:00","dateModified":"2026-02-05T15:57:16+00:00","description":"Activities for kids and teens in Megeve, discover lots of activities for your children and teens with the Megeve Guide Bureau.","breadcrumb":{"@id":"https:\/\/guides-megeve.com\/en\/children-teens\/#breadcrumb"},"inLanguage":"en-US","potentialAction":[{"@type":"ReadAction","target":["https:\/\/guides-megeve.com\/en\/children-teens\/"]}]},{"@type":"BreadcrumbList","@id":"https:\/\/guides-megeve.com\/en\/children-teens\/#breadcrumb","itemListElement":[{"@type":"ListItem","position":1,"name":"Accueil","item":"https:\/\/guides-megeve.com\/en\/winter-home\/"},{"@type":"ListItem","position":2,"name":"Children &#8211; Teens Meg\u00e8ve"}]},{"@type":"WebSite","@id":"https:\/\/guides-megeve.com\/en\/#website","url":"https:\/\/guides-megeve.com\/en\/","name":"Bureau des Guides de Meg\u00e8ve","description":"Guides et accompagnateurs en Montagne \u00e0 Meg\u00e8ve","publisher":{"@id":"https:\/\/guides-megeve.com\/en\/#organization"},"potentialAction":[{"@type":"SearchAction","target":{"@type":"EntryPoint","urlTemplate":"https:\/\/guides-megeve.com\/en\/?s={search_term_string}"},"query-input":{"@type":"PropertyValueSpecification","valueRequired":true,"valueName":"search_term_string"}}],"inLanguage":"en-US"},{"@type":"Organization","@id":"https:\/\/guides-megeve.com\/en\/#organization","name":"Bureau des Guides de Meg\u00e8ve","url":"https:\/\/guides-megeve.com\/en\/","logo":{"@type":"ImageObject","inLanguage":"en-US","@id":"https:\/\/guides-megeve.com\/en\/#\/schema\/logo\/image\/","url":"https:\/\/bureaudesguidesmegeve.fr\/wp-content\/uploads\/2023\/11\/logo-guides-gris.png","contentUrl":"https:\/\/bureaudesguidesmegeve.fr\/wp-content\/uploads\/2023\/11\/logo-guides-gris.png","width":500,"height":500,"caption":"Bureau des Guides de Meg\u00e8ve"},"image":{"@id":"https:\/\/guides-megeve.com\/en\/#\/schema\/logo\/image\/"},"sameAs":["https:\/\/www.facebook.com\/profile.php?id=100063637980583","https:\/\/www.instagram.com\/guidesdemegeve\/"]}]}},"_links":{"self":[{"href":"https:\/\/guides-megeve.com\/en\/wp-json\/wp\/v2\/pages\/1083","targetHints":{"allow":["GET"]}}],"collection":[{"href":"https:\/\/guides-megeve.com\/en\/wp-json\/wp\/v2\/pages"}],"about":[{"href":"https:\/\/guides-megeve.com\/en\/wp-json\/wp\/v2\/types\/page"}],"author":[{"embeddable":true,"href":"https:\/\/guides-megeve.com\/en\/wp-json\/wp\/v2\/users\/1"}],"replies":[{"embeddable":true,"href":"https:\/\/guides-megeve.com\/en\/wp-json\/wp\/v2\/comments?post=1083"}],"version-history":[{"count":0,"href":"https:\/\/guides-megeve.com\/en\/wp-json\/wp\/v2\/pages\/1083\/revisions"}],"wp:attachment":[{"href":"https:\/\/guides-megeve.com\/en\/wp-json\/wp\/v2\/media?parent=1083"}],"curies":[{"name":"wp","href":"https:\/\/api.w.org\/{rel}","templated":true}]}}