{"id":1079,"date":"2015-10-03T20:12:39","date_gmt":"2015-10-03T18:12:39","guid":{"rendered":"https:\/\/bureaudesguidesmegeve.fr\/contact-us\/"},"modified":"2025-01-08T15:31:00","modified_gmt":"2025-01-08T14:31:00","slug":"contact-us","status":"publish","type":"page","link":"https:\/\/guides-megeve.com\/en\/contact-us\/","title":{"rendered":"Contact us"},"content":{"rendered":"<div class=\"wpb-content-wrapper\">[vc_row full_width=&#8221;stretch_row_content&#8221; column_spacing=&#8221;10&#8243; tablet_fullwidth_cols=&#8221;yes&#8221; css=&#8221;.vc_custom_1695130235063{padding-bottom: 50px !important;background-color: #f2f2f2 !important;}&#8221;][vc_column][vc_single_image image=&#8221;796&#8243; img_size=&#8221;1920&#215;300&#8243; alignment=&#8221;center&#8221;][\/vc_column][\/vc_row][vc_row full_width=&#8221;stretch_row_content_no_spaces&#8221; column_spacing=&#8221;20&#8243; tablet_fullwidth_cols=&#8221;yes&#8221; css=&#8221;.vc_custom_1695218238819{background-color: #f2f2f2 !important;}&#8221;][vc_column]<div id=\"ult-easy-separator-246768237669ded23746fc4\" class=\"ult-easy-separator-wrapper ult-responsive ult-top-easy-separator ult-easy-separator-no-default \" style=\"transform: translate(-50%,-108%)!important;-ms-transform: translate(-50%,-108%)!important;-webkit-transform: translate(-50%,-108%)!important;\" data-vc-row=\"wpb_row\"  data-ultimate-target='#ult-easy-separator-246768237669ded23746fc4'  data-responsive-json-new='{\"width\":\"desktop:1920px;tablet:1600px;tablet_portrait:1400px;\"}' ><div class=\"ult-easy-separator-inner-wrapper\"><div class=\"ult-no-animation\" style=\"opacity:0;\"   ><img class=\"ult-easy-separator-img\" alt=\"null\" src=\"https:\/\/guides-megeve.com\/wp-content\/uploads\/2023\/09\/montagnes5gris.png\" \/><\/div><\/div><\/div>[\/vc_column][\/vc_row][vc_row full_width=&#8221;stretch_row&#8221; css=&#8221;.vc_custom_1695219656874{padding-top: 50px !important;padding-bottom: 30px !important;background-color: #f2f2f2 !important;}&#8221;][vc_column width=&#8221;1\/2&#8243;][vc_column_text]\n<p style=\"text-align: center;\"><strong>If you have a specific request or would like to receive information on a regular basis, please fill in the form and we&#8217;ll get back to you as soon as possible.<\/strong><\/p>\n[\/vc_column_text]<div class=\"vcex-spacing wpex-w-100 wpex-clear\" style=\"height:10px;\"><\/div><div class=\"vcex-module vcex-divider vcex-divider-solid vcex-divider-center wpex-mx-auto wpex-max-w-100 wpex-block wpex-h-0 wpex-border-b wpex-border-solid wpex-border-main\" style=\"width:60px;border-bottom-width:1px;border-color:#dd9933;\"><\/div><div class=\"vcex-spacing wpex-w-100 wpex-clear\"><\/div>\n<div class=\"wpcf7 no-js\" id=\"wpcf7-f1170-o1\" lang=\"en-US\" dir=\"ltr\" data-wpcf7-id=\"1170\">\n<div class=\"screen-reader-response\"><p role=\"status\" aria-live=\"polite\" aria-atomic=\"true\"><\/p> <ul><\/ul><\/div>\n<form action=\"\/en\/wp-json\/wp\/v2\/pages\/1079#wpcf7-f1170-o1\" method=\"post\" class=\"wpcf7-form init\" aria-label=\"Contact form\" novalidate=\"novalidate\" data-status=\"init\">\n<fieldset class=\"hidden-fields-container\"><input type=\"hidden\" name=\"_wpcf7\" value=\"1170\" \/><input type=\"hidden\" name=\"_wpcf7_version\" value=\"6.1.3\" \/><input type=\"hidden\" name=\"_wpcf7_locale\" value=\"en_US\" \/><input type=\"hidden\" name=\"_wpcf7_unit_tag\" value=\"wpcf7-f1170-o1\" \/><input type=\"hidden\" name=\"_wpcf7_container_post\" value=\"0\" \/><input type=\"hidden\" name=\"_wpcf7_posted_data_hash\" value=\"\" \/><input type=\"hidden\" name=\"_wpcf7_recaptcha_response\" value=\"\" \/>\n<\/fieldset>\n<p><label> Your name<br \/>\n<span class=\"wpcf7-form-control-wrap\" data-name=\"your-name\"><input size=\"40\" maxlength=\"400\" class=\"wpcf7-form-control wpcf7-text wpcf7-validates-as-required\" autocomplete=\"name\" aria-required=\"true\" aria-invalid=\"false\" value=\"\" type=\"text\" name=\"your-name\" \/><\/span> <\/label>\n<\/p>\n<p><label> Your first name<br \/>\n<span class=\"wpcf7-form-control-wrap\" data-name=\"your-prenom\"><input size=\"40\" maxlength=\"400\" class=\"wpcf7-form-control wpcf7-text wpcf7-validates-as-required\" autocomplete=\"prenom\" aria-required=\"true\" aria-invalid=\"false\" value=\"\" type=\"text\" name=\"your-prenom\" \/><\/span> <\/label>\n<\/p>\n<p><label> Your e-mail<br \/>\n<span class=\"wpcf7-form-control-wrap\" data-name=\"your-email\"><input size=\"40\" maxlength=\"400\" class=\"wpcf7-form-control wpcf7-email wpcf7-validates-as-required wpcf7-text wpcf7-validates-as-email\" autocomplete=\"email\" aria-required=\"true\" aria-invalid=\"false\" value=\"\" type=\"email\" name=\"your-email\" \/><\/span> <\/label>\n<\/p>\n<p><label> Your phone number<br \/>\n<span class=\"wpcf7-form-control-wrap\" data-name=\"tel-938\"><input size=\"40\" maxlength=\"400\" class=\"wpcf7-form-control wpcf7-tel wpcf7-text wpcf7-validates-as-tel\" aria-invalid=\"false\" value=\"\" type=\"tel\" name=\"tel-938\" \/><\/span> <\/label>\n<\/p>\n<p><label> Interested in?<br \/>\n<span class=\"wpcf7-form-control-wrap\" data-name=\"your-subject\"><input size=\"40\" maxlength=\"400\" class=\"wpcf7-form-control wpcf7-text wpcf7-validates-as-required\" aria-required=\"true\" aria-invalid=\"false\" value=\"\" type=\"text\" name=\"your-subject\" \/><\/span> <\/label>\n<\/p>\n<p><label> Your request (optional)<br \/>\n<span class=\"wpcf7-form-control-wrap\" data-name=\"your-message\"><textarea cols=\"40\" rows=\"10\" maxlength=\"2000\" class=\"wpcf7-form-control wpcf7-textarea\" aria-invalid=\"false\" name=\"your-message\"><\/textarea><\/span> <\/label>\n<\/p>\n<p><input class=\"wpcf7-form-control wpcf7-submit has-spinner\" type=\"submit\" value=\"Send\" \/>\n<\/p><div class=\"wpcf7-response-output\" aria-hidden=\"true\"><\/div>\n<\/form>\n<\/div>\n[\/vc_column][vc_column width=&#8221;1\/2&#8243;]<div class=\"vcex-heading vcex-heading-plain vcex-module wpex-heading wpex-text-2xl wpex-text-center vc_custom_1695219268648\"><span class=\"vcex-heading-inner wpex-inline-block\">Information<\/span><\/div><div class=\"vcex-module vcex-divider vcex-divider-solid vcex-divider-center wpex-mx-auto wpex-max-w-100 wpex-block wpex-h-0 wpex-border-b wpex-border-solid wpex-border-main\" style=\"width:60px;border-bottom-width:1px;border-color:#dd9933;\"><\/div><div class=\"vcex-spacing wpex-w-100 wpex-clear\"><\/div>[vc_column_text]\n<div class=\"wpex-info-widget-data wpex-flex-grow wpex-last-mb-0\">\n<p style=\"text-align: center;\">76 rue Ambroise Martin<br \/>\n74120 Meg\u00e8ve<\/p>\n<\/div>\n<div class=\"wpex-info-widget-data wpex-flex-grow\" style=\"text-align: center;\">+33(0)4 50 21 55 11<\/div>\n[\/vc_column_text]<div class=\"vcex-spacing wpex-w-100 wpex-clear\" style=\"height:50px;\"><\/div><div class=\"vcex-heading vcex-heading-plain vcex-module wpex-heading wpex-text-2xl wpex-text-center vc_custom_1715092597950\"><span class=\"vcex-heading-inner wpex-inline-block\">Office opening hours<\/span><\/div><div class=\"vcex-module vcex-divider vcex-divider-solid vcex-divider-center wpex-mx-auto wpex-max-w-100 wpex-block wpex-h-0 wpex-border-b wpex-border-solid wpex-border-main\" style=\"width:60px;border-bottom-width:1px;border-color:#dd9933;\"><\/div><div class=\"vcex-spacing wpex-w-100 wpex-clear\"><\/div>[vc_column_text css=&#8221;&#8221;]\n<p style=\"text-align: center;\">In season<br \/>\nDuring school vacations<br \/>\nDaily from 9:30 to 12:30 and from 15:00 to 18:30<br \/>\nOutside school vacations<br \/>\nDaily from 9:30 to 12:30 and from 14:30 to 18:00<\/p>\n<p style=\"text-align: center;\">Low season<br \/>\nOpen Tuesday to Saturday<br \/>\n9:30 a.m. to 12:30 p.m. and 1:30 p.m. to 5:30 p.m.<br \/>\nClosed on public holidays<\/p>\n<p style=\"text-align: center;\">(During periods when the reception point is closed,<br \/>\nreservations remain open online)<\/p>\n[\/vc_column_text][\/vc_column][\/vc_row]\n<\/div>","protected":false},"excerpt":{"rendered":"<p>[vc_row full_width=&#8221;stretch_row_content&#8221; column_spacing=&#8221;10&#8243; tablet_fullwidth_cols=&#8221;yes&#8221; css=&#8221;.vc_custom_1695130235063{padding-bottom: 50px !important;background-color: #f2f2f2 !important;}&#8221;][vc_column][vc_single_image image=&#8221;796&#8243; img_size=&#8221;1920&#215;300&#8243; alignment=&#8221;center&#8221;][\/vc_column][\/vc_row][vc_row full_width=&#8221;stretch_row_content_no_spaces&#8221; column_spacing=&#8221;20&#8243; tablet_fullwidth_cols=&#8221;yes&#8221; css=&#8221;.vc_custom_1695218238819{background-color: #f2f2f2 !important;}&#8221;][vc_column][\/vc_column][\/vc_row][vc_row full_width=&#8221;stretch_row&#8221; css=&#8221;.vc_custom_1695219656874{padding-top: 50px !important;padding-bottom: 30px !important;background-color: #f2f2f2 !important;}&#8221;][vc_column width=&#8221;1\/2&#8243;][vc_column_text] If you have a specific request or would like to receive information on a regular basis, please fill in the form and we&#8217;ll get back to you as&hellip;<\/p>\n","protected":false},"author":1,"featured_media":0,"parent":0,"menu_order":0,"comment_status":"closed","ping_status":"closed","template":"","meta":{"_monsterinsights_skip_tracking":false,"_monsterinsights_sitenote_active":false,"_monsterinsights_sitenote_note":"","_monsterinsights_sitenote_category":0,"footnotes":""},"class_list":["post-1079","page","type-page","status-publish","hentry","entry","no-media"],"yoast_head":"<!-- This site is optimized with the Yoast SEO plugin v26.4 - https:\/\/yoast.com\/wordpress\/plugins\/seo\/ -->\n<title>Contact Guides Meg\u00e8ve - Bureau des guides de Meg\u00e8ve<\/title>\n<meta name=\"description\" content=\"Contact Guides Meg\u00e8ve - You can contact us or visit our offices in Meg\u00e8ve from Monday to Sunday during the season.\" \/>\n<meta name=\"robots\" content=\"index, follow, max-snippet:-1, max-image-preview:large, max-video-preview:-1\" \/>\n<link rel=\"canonical\" href=\"https:\/\/guides-megeve.com\/en\/contact-us\/\" \/>\n<meta property=\"og:locale\" content=\"en_US\" \/>\n<meta property=\"og:type\" content=\"article\" \/>\n<meta property=\"og:title\" content=\"Contact Guides Meg\u00e8ve - Bureau des guides de Meg\u00e8ve\" \/>\n<meta property=\"og:description\" content=\"Contact Guides Meg\u00e8ve - You can contact us or visit our offices in Meg\u00e8ve from Monday to Sunday during the season.\" \/>\n<meta property=\"og:url\" content=\"https:\/\/guides-megeve.com\/en\/contact-us\/\" \/>\n<meta property=\"og:site_name\" content=\"Bureau des Guides de Meg\u00e8ve\" \/>\n<meta property=\"article:publisher\" content=\"https:\/\/www.facebook.com\/profile.php?id=100063637980583\" \/>\n<meta property=\"article:modified_time\" content=\"2025-01-08T14:31:00+00:00\" \/>\n<meta property=\"og:image\" content=\"https:\/\/guides-megeve.com\/wp-content\/uploads\/2023\/09\/bureau-des-guides-megeve.jpg\" \/>\n\t<meta property=\"og:image:width\" content=\"1920\" \/>\n\t<meta property=\"og:image:height\" content=\"1080\" \/>\n\t<meta property=\"og:image:type\" content=\"image\/jpeg\" \/>\n<meta name=\"twitter:card\" content=\"summary_large_image\" \/>\n<meta name=\"twitter:label1\" content=\"Est. reading time\" \/>\n\t<meta name=\"twitter:data1\" content=\"2 minutes\" \/>\n<script type=\"application\/ld+json\" class=\"yoast-schema-graph\">{\"@context\":\"https:\/\/schema.org\",\"@graph\":[{\"@type\":\"WebPage\",\"@id\":\"https:\/\/guides-megeve.com\/en\/contact-us\/\",\"url\":\"https:\/\/guides-megeve.com\/en\/contact-us\/\",\"name\":\"Contact Guides Meg\u00e8ve - Bureau des guides de Meg\u00e8ve\",\"isPartOf\":{\"@id\":\"https:\/\/guides-megeve.com\/en\/#website\"},\"datePublished\":\"2015-10-03T18:12:39+00:00\",\"dateModified\":\"2025-01-08T14:31:00+00:00\",\"description\":\"Contact Guides Meg\u00e8ve - You can contact us or visit our offices in Meg\u00e8ve from Monday to Sunday during the season.\",\"breadcrumb\":{\"@id\":\"https:\/\/guides-megeve.com\/en\/contact-us\/#breadcrumb\"},\"inLanguage\":\"en-US\",\"potentialAction\":[{\"@type\":\"ReadAction\",\"target\":[\"https:\/\/guides-megeve.com\/en\/contact-us\/\"]}]},{\"@type\":\"BreadcrumbList\",\"@id\":\"https:\/\/guides-megeve.com\/en\/contact-us\/#breadcrumb\",\"itemListElement\":[{\"@type\":\"ListItem\",\"position\":1,\"name\":\"Accueil\",\"item\":\"https:\/\/guides-megeve.com\/en\/winter-home\/\"},{\"@type\":\"ListItem\",\"position\":2,\"name\":\"Contact us\"}]},{\"@type\":\"WebSite\",\"@id\":\"https:\/\/guides-megeve.com\/en\/#website\",\"url\":\"https:\/\/guides-megeve.com\/en\/\",\"name\":\"Bureau des Guides de Meg\u00e8ve\",\"description\":\"Guides et accompagnateurs en Montagne \u00e0 Meg\u00e8ve\",\"publisher\":{\"@id\":\"https:\/\/guides-megeve.com\/en\/#organization\"},\"potentialAction\":[{\"@type\":\"SearchAction\",\"target\":{\"@type\":\"EntryPoint\",\"urlTemplate\":\"https:\/\/guides-megeve.com\/en\/?s={search_term_string}\"},\"query-input\":{\"@type\":\"PropertyValueSpecification\",\"valueRequired\":true,\"valueName\":\"search_term_string\"}}],\"inLanguage\":\"en-US\"},{\"@type\":\"Organization\",\"@id\":\"https:\/\/guides-megeve.com\/en\/#organization\",\"name\":\"Bureau des Guides de Meg\u00e8ve\",\"url\":\"https:\/\/guides-megeve.com\/en\/\",\"logo\":{\"@type\":\"ImageObject\",\"inLanguage\":\"en-US\",\"@id\":\"https:\/\/guides-megeve.com\/en\/#\/schema\/logo\/image\/\",\"url\":\"https:\/\/bureaudesguidesmegeve.fr\/wp-content\/uploads\/2023\/11\/logo-guides-gris.png\",\"contentUrl\":\"https:\/\/bureaudesguidesmegeve.fr\/wp-content\/uploads\/2023\/11\/logo-guides-gris.png\",\"width\":500,\"height\":500,\"caption\":\"Bureau des Guides de Meg\u00e8ve\"},\"image\":{\"@id\":\"https:\/\/guides-megeve.com\/en\/#\/schema\/logo\/image\/\"},\"sameAs\":[\"https:\/\/www.facebook.com\/profile.php?id=100063637980583\",\"https:\/\/www.instagram.com\/guidesdemegeve\/\"]}]}<\/script>\n<!-- \/ Yoast SEO plugin. -->","yoast_head_json":{"title":"Contact Guides Meg\u00e8ve - Bureau des guides de Meg\u00e8ve","description":"Contact Guides Meg\u00e8ve - You can contact us or visit our offices in Meg\u00e8ve from Monday to Sunday during the season.","robots":{"index":"index","follow":"follow","max-snippet":"max-snippet:-1","max-image-preview":"max-image-preview:large","max-video-preview":"max-video-preview:-1"},"canonical":"https:\/\/guides-megeve.com\/en\/contact-us\/","og_locale":"en_US","og_type":"article","og_title":"Contact Guides Meg\u00e8ve - Bureau des guides de Meg\u00e8ve","og_description":"Contact Guides Meg\u00e8ve - You can contact us or visit our offices in Meg\u00e8ve from Monday to Sunday during the season.","og_url":"https:\/\/guides-megeve.com\/en\/contact-us\/","og_site_name":"Bureau des Guides de Meg\u00e8ve","article_publisher":"https:\/\/www.facebook.com\/profile.php?id=100063637980583","article_modified_time":"2025-01-08T14:31:00+00:00","og_image":[{"width":1920,"height":1080,"url":"https:\/\/guides-megeve.com\/wp-content\/uploads\/2023\/09\/bureau-des-guides-megeve.jpg","type":"image\/jpeg"}],"twitter_card":"summary_large_image","twitter_misc":{"Est. reading time":"2 minutes"},"schema":{"@context":"https:\/\/schema.org","@graph":[{"@type":"WebPage","@id":"https:\/\/guides-megeve.com\/en\/contact-us\/","url":"https:\/\/guides-megeve.com\/en\/contact-us\/","name":"Contact Guides Meg\u00e8ve - Bureau des guides de Meg\u00e8ve","isPartOf":{"@id":"https:\/\/guides-megeve.com\/en\/#website"},"datePublished":"2015-10-03T18:12:39+00:00","dateModified":"2025-01-08T14:31:00+00:00","description":"Contact Guides Meg\u00e8ve - You can contact us or visit our offices in Meg\u00e8ve from Monday to Sunday during the season.","breadcrumb":{"@id":"https:\/\/guides-megeve.com\/en\/contact-us\/#breadcrumb"},"inLanguage":"en-US","potentialAction":[{"@type":"ReadAction","target":["https:\/\/guides-megeve.com\/en\/contact-us\/"]}]},{"@type":"BreadcrumbList","@id":"https:\/\/guides-megeve.com\/en\/contact-us\/#breadcrumb","itemListElement":[{"@type":"ListItem","position":1,"name":"Accueil","item":"https:\/\/guides-megeve.com\/en\/winter-home\/"},{"@type":"ListItem","position":2,"name":"Contact us"}]},{"@type":"WebSite","@id":"https:\/\/guides-megeve.com\/en\/#website","url":"https:\/\/guides-megeve.com\/en\/","name":"Bureau des Guides de Meg\u00e8ve","description":"Guides et accompagnateurs en Montagne \u00e0 Meg\u00e8ve","publisher":{"@id":"https:\/\/guides-megeve.com\/en\/#organization"},"potentialAction":[{"@type":"SearchAction","target":{"@type":"EntryPoint","urlTemplate":"https:\/\/guides-megeve.com\/en\/?s={search_term_string}"},"query-input":{"@type":"PropertyValueSpecification","valueRequired":true,"valueName":"search_term_string"}}],"inLanguage":"en-US"},{"@type":"Organization","@id":"https:\/\/guides-megeve.com\/en\/#organization","name":"Bureau des Guides de Meg\u00e8ve","url":"https:\/\/guides-megeve.com\/en\/","logo":{"@type":"ImageObject","inLanguage":"en-US","@id":"https:\/\/guides-megeve.com\/en\/#\/schema\/logo\/image\/","url":"https:\/\/bureaudesguidesmegeve.fr\/wp-content\/uploads\/2023\/11\/logo-guides-gris.png","contentUrl":"https:\/\/bureaudesguidesmegeve.fr\/wp-content\/uploads\/2023\/11\/logo-guides-gris.png","width":500,"height":500,"caption":"Bureau des Guides de Meg\u00e8ve"},"image":{"@id":"https:\/\/guides-megeve.com\/en\/#\/schema\/logo\/image\/"},"sameAs":["https:\/\/www.facebook.com\/profile.php?id=100063637980583","https:\/\/www.instagram.com\/guidesdemegeve\/"]}]}},"_links":{"self":[{"href":"https:\/\/guides-megeve.com\/en\/wp-json\/wp\/v2\/pages\/1079","targetHints":{"allow":["GET"]}}],"collection":[{"href":"https:\/\/guides-megeve.com\/en\/wp-json\/wp\/v2\/pages"}],"about":[{"href":"https:\/\/guides-megeve.com\/en\/wp-json\/wp\/v2\/types\/page"}],"author":[{"embeddable":true,"href":"https:\/\/guides-megeve.com\/en\/wp-json\/wp\/v2\/users\/1"}],"replies":[{"embeddable":true,"href":"https:\/\/guides-megeve.com\/en\/wp-json\/wp\/v2\/comments?post=1079"}],"version-history":[{"count":0,"href":"https:\/\/guides-megeve.com\/en\/wp-json\/wp\/v2\/pages\/1079\/revisions"}],"wp:attachment":[{"href":"https:\/\/guides-megeve.com\/en\/wp-json\/wp\/v2\/media?parent=1079"}],"curies":[{"name":"wp","href":"https:\/\/api.w.org\/{rel}","templated":true}]}}