{"id":1078,"date":"2023-09-19T15:43:35","date_gmt":"2023-09-19T13:43:35","guid":{"rendered":"https:\/\/bureaudesguidesmegeve.fr\/canyoning\/"},"modified":"2025-04-24T16:15:19","modified_gmt":"2025-04-24T14:15:19","slug":"canyoning","status":"publish","type":"page","link":"https:\/\/guides-megeve.com\/en\/canyoning\/","title":{"rendered":"Canyoning Meg\u00e8ve"},"content":{"rendered":"<div class=\"wpb-content-wrapper\">[vc_row full_width=&#8221;stretch_row_content&#8221; column_spacing=&#8221;10&#8243; tablet_fullwidth_cols=&#8221;yes&#8221; css=&#8221;.vc_custom_1695130235063{padding-bottom: 50px !important;background-color: #f2f2f2 !important;}&#8221;][vc_column][vc_single_image image=&#8221;258&#8243; img_size=&#8221;1920&#215;300&#8243; alignment=&#8221;center&#8221;][\/vc_column][\/vc_row][vc_row full_width=&#8221;stretch_row_content_no_spaces&#8221; column_spacing=&#8221;20&#8243; tablet_fullwidth_cols=&#8221;yes&#8221; css=&#8221;.vc_custom_1695126066904{background-color: #f2f2f2 !important;}&#8221;][vc_column]<div id=\"ult-easy-separator-32630726169d79e849d9bd\" class=\"ult-easy-separator-wrapper ult-responsive ult-top-easy-separator ult-easy-separator-no-default \" style=\"transform: translate(-50%,-108%)!important;-ms-transform: translate(-50%,-108%)!important;-webkit-transform: translate(-50%,-108%)!important;\" data-vc-row=\"wpb_row\"  data-ultimate-target='#ult-easy-separator-32630726169d79e849d9bd'  data-responsive-json-new='{\"width\":\"desktop:1920px;tablet:1600px;tablet_portrait:1400px;\"}' ><div class=\"ult-easy-separator-inner-wrapper\"><div class=\"ult-no-animation\" style=\"opacity:0;\"   ><img class=\"ult-easy-separator-img\" alt=\"null\" src=\"https:\/\/guides-megeve.com\/wp-content\/uploads\/2023\/09\/montagnes5gris.png\" \/><\/div><\/div><\/div>[\/vc_column][\/vc_row][vc_row full_width=&#8221;stretch_row_content&#8221; column_spacing=&#8221;10&#8243; css=&#8221;.vc_custom_1695134536563{padding-bottom: 40px !important;background-color: #f2f2f2 !important;}&#8221;][vc_column width=&#8221;1\/4&#8243;]<style>.vcex-image-banner.vcex_69d79e849e730{min-height:450px;}.vcex-image-banner.vcex_69d79e849e730 .vcex-ib-caption{padding-block-end:15px;font-size:15px;font-family:Roboto, sans-serif;}.vcex-image-banner.vcex_69d79e849e730 .vcex-ib-button-inner{font-family:Roboto, sans-serif;}.vcex-image-banner.vcex_69d79e849e730 .vcex-ib-button-inner:hover{background:#dd9933;color:#ffffff;}<\/style><a class=\"vcex-module vcex-image-banner vcex-image-banner-has-link wpex-no-underline wpex-flex wpex-flex-col wpex-w-100 wpex-justify-center wpex-relative wpex-overflow-hidden wpex-bg-gray-900 wpex-text-white wpex-hover-text-white wpex-text-center vcex-h-zoom wpex-isolate vcex-has-button vcex_69d79e849e730\" href=\"https:\/\/booking.yoplanning.pro\/d7bcfa1f-1077-4fa0-9693-27ee28822cf8\/product\/d5b6f415-c7c9-423b-b759-e574c21e618d\"><span class=\"vcex-ib-img wpex-block wpex-transition-all wpex-duration-500 wpex-bg-cover wpex-absolute wpex-inset-0\" style=\"background-image:url(https:\/\/guides-megeve.com\/wp-content\/uploads\/2023\/09\/canyon-belle-au-bois.jpg);\"><\/span><div class=\"vcex-ib-overlay wpex-absolute wpex-inset-0 wpex-transition-all wpex-duration-500\"><div class=\"vcex-ib-overlay-bg wpex-absolute wpex-inset-0 wpex-bg-black wpex-opacity-30\"><\/div><\/div><div class=\"vcex-ib-content-wrap wpex-w-100 wpex-transition-all wpex-duration-500 wpex-py-100 wpex-px-40 wpex-relative\"><div class=\"vcex-ib-content wpex-mx-auto\"><div class=\"vcex-ib-title wpex-heading wpex-inherit-color-important\">Canyon de la belle au bois<\/div><div class=\"vcex-ib-caption wpex-text-lg wpex-last-mb-0\">In the heart of Meg\u00e8ve, a canyon with slides, jumps and abseiling down waterfalls.<\/div><div class=\"vcex-ib-button\"><span class=\"vcex-ib-button-inner theme-button outline\">Info &amp; Reservations<\/span><\/div><\/div><\/div><\/a>[\/vc_column][vc_column width=&#8221;1\/4&#8243;]<style>.vcex-image-banner.vcex_69d79e84a1f64{min-height:450px;}.vcex-image-banner.vcex_69d79e84a1f64 .vcex-ib-caption{padding-block-end:15px;font-size:15px;font-family:Roboto, sans-serif;}.vcex-image-banner.vcex_69d79e84a1f64 .vcex-ib-button-inner{font-family:Roboto, sans-serif;}.vcex-image-banner.vcex_69d79e84a1f64 .vcex-ib-button-inner:hover{background:#dd9933;color:#ffffff;}<\/style><a class=\"vcex-module vcex-image-banner vcex-image-banner-has-link wpex-no-underline wpex-flex wpex-flex-col wpex-w-100 wpex-justify-center wpex-relative wpex-overflow-hidden wpex-bg-gray-900 wpex-text-white wpex-hover-text-white wpex-text-center vcex-h-zoom wpex-isolate vcex-has-button vcex_69d79e84a1f64\" href=\"https:\/\/booking.yoplanning.pro\/d7bcfa1f-1077-4fa0-9693-27ee28822cf8\/product\/11ca05ef-717c-49a0-b6e4-a274c433cc15\" title=\"Information and booking\" target=\"_blank\" rel=\"noopener noreferrer\"><span class=\"vcex-ib-img wpex-block wpex-transition-all wpex-duration-500 wpex-bg-cover wpex-absolute wpex-inset-0\" style=\"background-image:url(https:\/\/guides-megeve.com\/wp-content\/uploads\/2023\/09\/canyoning-guide-megeve.jpg);\"><\/span><div class=\"vcex-ib-overlay wpex-absolute wpex-inset-0 wpex-transition-all wpex-duration-500\"><div class=\"vcex-ib-overlay-bg wpex-absolute wpex-inset-0 wpex-bg-black wpex-opacity-30\"><\/div><\/div><div class=\"vcex-ib-content-wrap wpex-w-100 wpex-transition-all wpex-duration-500 wpex-py-100 wpex-px-40 wpex-relative\"><div class=\"vcex-ib-content wpex-mx-auto\"><div class=\"vcex-ib-title wpex-heading wpex-inherit-color-important\">Balme integral canyon<\/div><div class=\"vcex-ib-caption wpex-text-lg wpex-last-mb-0\">A series of slides, jumps and abseils in the waterfalls!<\/div><div class=\"vcex-ib-button\"><span class=\"vcex-ib-button-inner theme-button outline\">Information and reservations<\/span><\/div><\/div><\/div><\/a>[\/vc_column][vc_column width=&#8221;1\/4&#8243;]<style>.vcex-image-banner.vcex_69d79e84a317d{min-height:450px;}.vcex-image-banner.vcex_69d79e84a317d .vcex-ib-caption{padding-block-end:15px;font-size:15px;font-family:Roboto, sans-serif;}.vcex-image-banner.vcex_69d79e84a317d .vcex-ib-button-inner{font-family:Roboto, sans-serif;}.vcex-image-banner.vcex_69d79e84a317d .vcex-ib-button-inner:hover{background:#dd9933;color:#ffffff;}<\/style><a class=\"vcex-module vcex-image-banner vcex-image-banner-has-link wpex-no-underline wpex-flex wpex-flex-col wpex-w-100 wpex-justify-center wpex-relative wpex-overflow-hidden wpex-bg-gray-900 wpex-text-white wpex-hover-text-white wpex-text-center vcex-h-zoom wpex-isolate vcex-has-button vcex_69d79e84a317d\" href=\"https:\/\/booking.yoplanning.pro\/d7bcfa1f-1077-4fa0-9693-27ee28822cf8\/product\/3e6f312e-057b-47e4-abda-a4c2d304faaa\"><span class=\"vcex-ib-img wpex-block wpex-transition-all wpex-duration-500 wpex-bg-cover wpex-absolute wpex-inset-0\" style=\"background-image:url(https:\/\/guides-megeve.com\/wp-content\/uploads\/2024\/05\/DDD_3324-scaled.jpg);\"><\/span><div class=\"vcex-ib-overlay wpex-absolute wpex-inset-0 wpex-transition-all wpex-duration-500\"><div class=\"vcex-ib-overlay-bg wpex-absolute wpex-inset-0 wpex-bg-black wpex-opacity-30\"><\/div><\/div><div class=\"vcex-ib-content-wrap wpex-w-100 wpex-transition-all wpex-duration-500 wpex-py-100 wpex-px-40 wpex-relative\"><div class=\"vcex-ib-content wpex-mx-auto\"><div class=\"vcex-ib-title wpex-heading wpex-inherit-color-important\">Canyon Toboggans de Balme<\/div><div class=\"vcex-ib-caption wpex-text-lg wpex-last-mb-0\">A fun-filled canyon, ideal for families and friends with children aged 8 and over (minimum 1m26).<\/div><div class=\"vcex-ib-button\"><span class=\"vcex-ib-button-inner theme-button outline\">Info &amp; Reservations<\/span><\/div><\/div><\/div><\/a>[\/vc_column][vc_column width=&#8221;1\/4&#8243;]<style>.vcex-image-banner.vcex_69d79e84a42fe{min-height:450px;}.vcex-image-banner.vcex_69d79e84a42fe .vcex-ib-caption{padding-block-end:15px;font-size:15px;font-family:Roboto, sans-serif;}.vcex-image-banner.vcex_69d79e84a42fe .vcex-ib-button-inner{font-family:Roboto, sans-serif;}.vcex-image-banner.vcex_69d79e84a42fe .vcex-ib-button-inner:hover{background:#dd9933;color:#ffffff;}<\/style><a class=\"vcex-module vcex-image-banner vcex-image-banner-has-link wpex-no-underline wpex-flex wpex-flex-col wpex-w-100 wpex-justify-center wpex-relative wpex-overflow-hidden wpex-bg-gray-900 wpex-text-white wpex-hover-text-white wpex-text-center vcex-h-zoom wpex-isolate vcex-has-button vcex_69d79e84a42fe\" href=\"https:\/\/guides-megeve.com\/en\/fishing-in-the-mountains-2\/\" title=\"Contact\"><span class=\"vcex-ib-img wpex-block wpex-transition-all wpex-duration-500 wpex-bg-cover wpex-absolute wpex-inset-0\" style=\"background-image:url(https:\/\/guides-megeve.com\/wp-content\/uploads\/2023\/09\/canyon-guides-megeve.jpg);\"><\/span><div class=\"vcex-ib-overlay wpex-absolute wpex-inset-0 wpex-transition-all wpex-duration-500\"><div class=\"vcex-ib-overlay-bg wpex-absolute wpex-inset-0 wpex-bg-black wpex-opacity-30\"><\/div><\/div><div class=\"vcex-ib-content-wrap wpex-w-100 wpex-transition-all wpex-duration-500 wpex-py-100 wpex-px-40 wpex-relative\"><div class=\"vcex-ib-content wpex-mx-auto\"><div class=\"vcex-ib-title wpex-heading wpex-inherit-color-important\">Multi-activity teen course<\/div><div class=\"vcex-ib-caption wpex-text-lg wpex-last-mb-0\">Ages 12 to 18 - Climbing - Mountain biking (mountain bikes not supplied) - Canyoning - Hiking - Via Ferrata<\/div><div class=\"vcex-ib-button\"><span class=\"vcex-ib-button-inner theme-button outline\">Info &amp; Reservations<\/span><\/div><\/div><\/div><\/a>[\/vc_column][\/vc_row][vc_row full_width=&#8221;stretch_row&#8221; column_spacing=&#8221;20&#8243; css=&#8221;.vc_custom_1695133888147{background-color: #f2f2f2 !important;}&#8221;][vc_column width=&#8221;1\/2&#8243;][vc_single_image image=&#8221;2088&#8243; css=&#8221;&#8221;][vc_single_image image=&#8221;2006&#8243; css=&#8221;&#8221;][\/vc_column][vc_column width=&#8221;1\/2&#8243;][vc_column_text]\n<h1 style=\"text-align: center;\">CANYONING MEGEVE<\/h1>\n[\/vc_column_text]<div class=\"vcex-module vcex-divider vcex-divider-solid vcex-divider-center wpex-mx-auto wpex-max-w-100 wpex-block wpex-h-0 wpex-border-b wpex-border-solid wpex-border-main\" style=\"width:60px;border-bottom-width:1px;border-color:#dd9933;\"><\/div><div class=\"vcex-spacing wpex-w-100 wpex-clear\"><\/div>[vc_column_text css=&#8221;&#8221;]\n<div class=\"flex max-w-full flex-col flex-grow\">\n<div class=\"min-h-8 text-message flex w-full flex-col items-end gap-2 whitespace-normal break-words [.text-message+&amp;]:mt-5\" dir=\"auto\" data-message-author-role=\"assistant\" data-message-id=\"979b2d9d-a0ce-4a95-8db8-123163109246\" data-message-model-slug=\"gpt-4o\">\n<div class=\"flex w-full flex-col gap-1 empty:hidden first:pt-[3px]\">\n<div class=\"markdown prose w-full break-words dark:prose-invert light\">\n<h1 style=\"text-align: center;\"><strong>Canyoning in Meg\u00e8ve &#8211; Water adventures in the heart of the mountains<\/strong><\/h1>\n<p>&nbsp;<\/p>\n<p>The Bureau des Guides de Meg\u00e8ve offers unique <strong>canyoning<\/strong> experiences, a fun and sporting activity where rock and water meet. Suitable for all ages and levels, canyoning is the perfect opportunity to discover the mountains from a refreshing angle, sliding down natural slides, jumping into clear water basins, or abseiling down impressive waterfalls. Supervised by our enthusiastic guides, enjoy this aquatic adventure in complete safety, in the heart of Meg\u00e8ve&#8217;s exceptional scenery.<\/p>\n<h3>Our canyoning courses in Meg\u00e8ve<\/h3>\n<h4>Canyon de la Belle au Bois<\/h4>\n<p>Just a stone&#8217;s throw from the center of Meg\u00e8ve, the <strong>Belle au Bois canyon<\/strong> is an emblematic site, discovered and equipped by the Bureau des Guides over 30 years ago. Every spring, our guides maintain and clean the canyon to preserve its beauty and safety, enabling participants to enjoy optimal conditions. This captivating course features abseiling, natural slides and jumps into crystal-clear pools &#8211; perfect for thrill-seekers and nature lovers alike.<\/p>\n<h4>Toboggans de Balme &#8211; Family Canyon<\/h4>\n<p>Designed with families and youngsters in mind, the <strong>Toboggans de Balme canyon<\/strong> is a fun and accessible course, with no abseiling. This canyon is ideal for introducing children aged 8 and over (minimum 1m26 and able to swim) to the pleasures of canyoning. From sliding down natural slides to jumping into refreshing pools, this activity is ideal for an adventurous family day out in a safe and fun natural setting.<\/p>\n<h4>Canyon de Balme &#8211; Sport version<\/h4>\n<p>For adventurers in search of thrills and challenges, the <strong>Balme canyon &#8211; sport version<\/strong> is an intense immersion in the world of canyoning. This complete course combines slides, jumps and abseiling, offering a sporting and technical experience in a wild and magnificent setting. Perfect for sportsmen and canyoning enthusiasts, this course lets you test your skills while discovering the region&#8217;s spectacular natural landscapes.<\/p>\n<h3>Practical information<\/h3>\n<p>Canyoning conditions in Meg\u00e8ve depend on the water flow, which can vary according to the season and rainfall. Our guides constantly monitor these conditions to ensure a safe and enjoyable experience.<\/p>\n<p><strong>Dive into adventure with the Bureau des Guides de Meg\u00e8ve<\/strong> and discover our canyoning courses for a refreshing, thrilling experience in the region&#8217;s magnificent canyons!<\/p>\n<\/div>\n<\/div>\n<\/div>\n<\/div>\n[\/vc_column_text][\/vc_column][\/vc_row][vc_row full_width=&#8221;stretch_row&#8221; column_spacing=&#8221;10&#8243; css=&#8221;.vc_custom_1695214407333{padding-bottom: 40px !important;background-color: #f2f2f2 !important;}&#8221;][vc_column]<style>.vcex-callout.vcex_69d79e84a77c8{border-color:#dd9933;}.vcex-callout.vcex_69d79e84a77c8 .vcex-callout-link:hover{background-color:#dd9933;color:#ffffff;}<\/style><div class=\"vcex-callout vcex-module wpex-boxed with-button wpex-text-center wpex-md-text-initial wpex-md-flex wpex-md-items-center wpex-border-solid wpex-border wpex-shadow-sm vcex_69d79e84a77c8\"><div class=\"vcex-callout-caption wpex-last-mb-0 wpex-text-md wpex-mb-20 wpex-md-w-75 wpex-md-pr-20 wpex-md-mb-0\"><p>For day canyoning around Megeve, Le Canyon d&#8217;Albertville &#8220;Le B\u00e9n\u00e9tant&#8221; or Le Canyon d&#8217;Annecy &#8220;Angon&#8221; or Le Canyon de Samoens &#8220;Le Cl\u00e9vieux&#8221;. Don&#8217;t hesitate to contact us by phone +33(0)4 50 21 55 11 or by the contact form.<\/p>\n<\/div><div class=\"vcex-callout-button wpex-md-w-25 wpex-md-text-right\"><a href=\"https:\/\/guides-megeve.com\/contact\/\" title=\"Contact us\" class=\"vcex-callout-link theme-button outline wpex-text-center wpex-text-base\">Contact us<\/a><\/div><\/div>[\/vc_column][\/vc_row]\n<\/div>","protected":false},"excerpt":{"rendered":"<p>[vc_row full_width=&#8221;stretch_row_content&#8221; column_spacing=&#8221;10&#8243; tablet_fullwidth_cols=&#8221;yes&#8221; css=&#8221;.vc_custom_1695130235063{padding-bottom: 50px !important;background-color: #f2f2f2 !important;}&#8221;][vc_column][vc_single_image image=&#8221;258&#8243; img_size=&#8221;1920&#215;300&#8243; alignment=&#8221;center&#8221;][\/vc_column][\/vc_row][vc_row full_width=&#8221;stretch_row_content_no_spaces&#8221; column_spacing=&#8221;20&#8243; tablet_fullwidth_cols=&#8221;yes&#8221; css=&#8221;.vc_custom_1695126066904{background-color: #f2f2f2 !important;}&#8221;][vc_column][\/vc_column][\/vc_row][vc_row full_width=&#8221;stretch_row_content&#8221; column_spacing=&#8221;10&#8243; css=&#8221;.vc_custom_1695134536563{padding-bottom: 40px !important;background-color: #f2f2f2 !important;}&#8221;][vc_column width=&#8221;1\/4&#8243;][\/vc_column][vc_column width=&#8221;1\/4&#8243;][\/vc_column][vc_column width=&#8221;1\/4&#8243;][\/vc_column][vc_column width=&#8221;1\/4&#8243;][\/vc_column][\/vc_row][vc_row full_width=&#8221;stretch_row&#8221; column_spacing=&#8221;20&#8243; css=&#8221;.vc_custom_1695133888147{background-color: #f2f2f2 !important;}&#8221;][vc_column width=&#8221;1\/2&#8243;][vc_single_image image=&#8221;2088&#8243; css=&#8221;&#8221;][vc_single_image image=&#8221;2006&#8243; css=&#8221;&#8221;][\/vc_column][vc_column width=&#8221;1\/2&#8243;][vc_column_text] CANYONING MEGEVE [\/vc_column_text][vc_column_text css=&#8221;&#8221;] Canyoning in Meg\u00e8ve &#8211; Water adventures in the heart of the&hellip;<\/p>\n","protected":false},"author":1,"featured_media":0,"parent":0,"menu_order":0,"comment_status":"closed","ping_status":"closed","template":"","meta":{"_monsterinsights_skip_tracking":false,"_monsterinsights_sitenote_active":false,"_monsterinsights_sitenote_note":"","_monsterinsights_sitenote_category":0,"footnotes":""},"class_list":["post-1078","page","type-page","status-publish","hentry","entry","no-media"],"yoast_head":"<!-- This site is optimized with the Yoast SEO plugin v26.4 - https:\/\/yoast.com\/wordpress\/plugins\/seo\/ -->\n<title>Canyoning Meg\u00e8ve - Bureau des Guides de Meg\u00e8ve<\/title>\n<meta name=\"description\" content=\"Canyoning Meg\u00e8ve - Discover or rediscover the Canyon de la Belle au Bois in Meg\u00e8ve with the Bureau des Guides de Meg\u00e8ve\" \/>\n<meta name=\"robots\" content=\"index, follow, max-snippet:-1, max-image-preview:large, max-video-preview:-1\" \/>\n<link rel=\"canonical\" href=\"https:\/\/guides-megeve.com\/en\/canyoning\/\" \/>\n<meta property=\"og:locale\" content=\"en_US\" \/>\n<meta property=\"og:type\" content=\"article\" \/>\n<meta property=\"og:title\" content=\"Canyoning Meg\u00e8ve - Bureau des Guides de Meg\u00e8ve\" \/>\n<meta property=\"og:description\" content=\"Canyoning Meg\u00e8ve - Discover or rediscover the Canyon de la Belle au Bois in Meg\u00e8ve with the Bureau des Guides de Meg\u00e8ve\" \/>\n<meta property=\"og:url\" content=\"https:\/\/guides-megeve.com\/en\/canyoning\/\" \/>\n<meta property=\"og:site_name\" content=\"Bureau des Guides de Meg\u00e8ve\" \/>\n<meta property=\"article:publisher\" content=\"https:\/\/www.facebook.com\/profile.php?id=100063637980583\" \/>\n<meta property=\"article:modified_time\" content=\"2025-04-24T14:15:19+00:00\" \/>\n<meta property=\"og:image\" content=\"https:\/\/guides-megeve.com\/wp-content\/uploads\/2023\/09\/bureau-des-guides-megeve.jpg\" \/>\n\t<meta property=\"og:image:width\" content=\"1920\" \/>\n\t<meta property=\"og:image:height\" content=\"1080\" \/>\n\t<meta property=\"og:image:type\" content=\"image\/jpeg\" \/>\n<meta name=\"twitter:card\" content=\"summary_large_image\" \/>\n<meta name=\"twitter:label1\" content=\"Est. reading time\" \/>\n\t<meta name=\"twitter:data1\" content=\"4 minutes\" \/>\n<script type=\"application\/ld+json\" class=\"yoast-schema-graph\">{\"@context\":\"https:\/\/schema.org\",\"@graph\":[{\"@type\":\"WebPage\",\"@id\":\"https:\/\/guides-megeve.com\/en\/canyoning\/\",\"url\":\"https:\/\/guides-megeve.com\/en\/canyoning\/\",\"name\":\"Canyoning Meg\u00e8ve - Bureau des Guides de Meg\u00e8ve\",\"isPartOf\":{\"@id\":\"https:\/\/guides-megeve.com\/en\/#website\"},\"datePublished\":\"2023-09-19T13:43:35+00:00\",\"dateModified\":\"2025-04-24T14:15:19+00:00\",\"description\":\"Canyoning Meg\u00e8ve - Discover or rediscover the Canyon de la Belle au Bois in Meg\u00e8ve with the Bureau des Guides de Meg\u00e8ve\",\"breadcrumb\":{\"@id\":\"https:\/\/guides-megeve.com\/en\/canyoning\/#breadcrumb\"},\"inLanguage\":\"en-US\",\"potentialAction\":[{\"@type\":\"ReadAction\",\"target\":[\"https:\/\/guides-megeve.com\/en\/canyoning\/\"]}]},{\"@type\":\"BreadcrumbList\",\"@id\":\"https:\/\/guides-megeve.com\/en\/canyoning\/#breadcrumb\",\"itemListElement\":[{\"@type\":\"ListItem\",\"position\":1,\"name\":\"Accueil\",\"item\":\"https:\/\/guides-megeve.com\/en\/winter-home\/\"},{\"@type\":\"ListItem\",\"position\":2,\"name\":\"Canyoning Meg\u00e8ve\"}]},{\"@type\":\"WebSite\",\"@id\":\"https:\/\/guides-megeve.com\/en\/#website\",\"url\":\"https:\/\/guides-megeve.com\/en\/\",\"name\":\"Bureau des Guides de Meg\u00e8ve\",\"description\":\"Guides et accompagnateurs en Montagne \u00e0 Meg\u00e8ve\",\"publisher\":{\"@id\":\"https:\/\/guides-megeve.com\/en\/#organization\"},\"potentialAction\":[{\"@type\":\"SearchAction\",\"target\":{\"@type\":\"EntryPoint\",\"urlTemplate\":\"https:\/\/guides-megeve.com\/en\/?s={search_term_string}\"},\"query-input\":{\"@type\":\"PropertyValueSpecification\",\"valueRequired\":true,\"valueName\":\"search_term_string\"}}],\"inLanguage\":\"en-US\"},{\"@type\":\"Organization\",\"@id\":\"https:\/\/guides-megeve.com\/en\/#organization\",\"name\":\"Bureau des Guides de Meg\u00e8ve\",\"url\":\"https:\/\/guides-megeve.com\/en\/\",\"logo\":{\"@type\":\"ImageObject\",\"inLanguage\":\"en-US\",\"@id\":\"https:\/\/guides-megeve.com\/en\/#\/schema\/logo\/image\/\",\"url\":\"https:\/\/bureaudesguidesmegeve.fr\/wp-content\/uploads\/2023\/11\/logo-guides-gris.png\",\"contentUrl\":\"https:\/\/bureaudesguidesmegeve.fr\/wp-content\/uploads\/2023\/11\/logo-guides-gris.png\",\"width\":500,\"height\":500,\"caption\":\"Bureau des Guides de Meg\u00e8ve\"},\"image\":{\"@id\":\"https:\/\/guides-megeve.com\/en\/#\/schema\/logo\/image\/\"},\"sameAs\":[\"https:\/\/www.facebook.com\/profile.php?id=100063637980583\",\"https:\/\/www.instagram.com\/guidesdemegeve\/\"]}]}<\/script>\n<!-- \/ Yoast SEO plugin. -->","yoast_head_json":{"title":"Canyoning Meg\u00e8ve - Bureau des Guides de Meg\u00e8ve","description":"Canyoning Meg\u00e8ve - Discover or rediscover the Canyon de la Belle au Bois in Meg\u00e8ve with the Bureau des Guides de Meg\u00e8ve","robots":{"index":"index","follow":"follow","max-snippet":"max-snippet:-1","max-image-preview":"max-image-preview:large","max-video-preview":"max-video-preview:-1"},"canonical":"https:\/\/guides-megeve.com\/en\/canyoning\/","og_locale":"en_US","og_type":"article","og_title":"Canyoning Meg\u00e8ve - Bureau des Guides de Meg\u00e8ve","og_description":"Canyoning Meg\u00e8ve - Discover or rediscover the Canyon de la Belle au Bois in Meg\u00e8ve with the Bureau des Guides de Meg\u00e8ve","og_url":"https:\/\/guides-megeve.com\/en\/canyoning\/","og_site_name":"Bureau des Guides de Meg\u00e8ve","article_publisher":"https:\/\/www.facebook.com\/profile.php?id=100063637980583","article_modified_time":"2025-04-24T14:15:19+00:00","og_image":[{"width":1920,"height":1080,"url":"https:\/\/guides-megeve.com\/wp-content\/uploads\/2023\/09\/bureau-des-guides-megeve.jpg","type":"image\/jpeg"}],"twitter_card":"summary_large_image","twitter_misc":{"Est. reading time":"4 minutes"},"schema":{"@context":"https:\/\/schema.org","@graph":[{"@type":"WebPage","@id":"https:\/\/guides-megeve.com\/en\/canyoning\/","url":"https:\/\/guides-megeve.com\/en\/canyoning\/","name":"Canyoning Meg\u00e8ve - Bureau des Guides de Meg\u00e8ve","isPartOf":{"@id":"https:\/\/guides-megeve.com\/en\/#website"},"datePublished":"2023-09-19T13:43:35+00:00","dateModified":"2025-04-24T14:15:19+00:00","description":"Canyoning Meg\u00e8ve - Discover or rediscover the Canyon de la Belle au Bois in Meg\u00e8ve with the Bureau des Guides de Meg\u00e8ve","breadcrumb":{"@id":"https:\/\/guides-megeve.com\/en\/canyoning\/#breadcrumb"},"inLanguage":"en-US","potentialAction":[{"@type":"ReadAction","target":["https:\/\/guides-megeve.com\/en\/canyoning\/"]}]},{"@type":"BreadcrumbList","@id":"https:\/\/guides-megeve.com\/en\/canyoning\/#breadcrumb","itemListElement":[{"@type":"ListItem","position":1,"name":"Accueil","item":"https:\/\/guides-megeve.com\/en\/winter-home\/"},{"@type":"ListItem","position":2,"name":"Canyoning Meg\u00e8ve"}]},{"@type":"WebSite","@id":"https:\/\/guides-megeve.com\/en\/#website","url":"https:\/\/guides-megeve.com\/en\/","name":"Bureau des Guides de Meg\u00e8ve","description":"Guides et accompagnateurs en Montagne \u00e0 Meg\u00e8ve","publisher":{"@id":"https:\/\/guides-megeve.com\/en\/#organization"},"potentialAction":[{"@type":"SearchAction","target":{"@type":"EntryPoint","urlTemplate":"https:\/\/guides-megeve.com\/en\/?s={search_term_string}"},"query-input":{"@type":"PropertyValueSpecification","valueRequired":true,"valueName":"search_term_string"}}],"inLanguage":"en-US"},{"@type":"Organization","@id":"https:\/\/guides-megeve.com\/en\/#organization","name":"Bureau des Guides de Meg\u00e8ve","url":"https:\/\/guides-megeve.com\/en\/","logo":{"@type":"ImageObject","inLanguage":"en-US","@id":"https:\/\/guides-megeve.com\/en\/#\/schema\/logo\/image\/","url":"https:\/\/bureaudesguidesmegeve.fr\/wp-content\/uploads\/2023\/11\/logo-guides-gris.png","contentUrl":"https:\/\/bureaudesguidesmegeve.fr\/wp-content\/uploads\/2023\/11\/logo-guides-gris.png","width":500,"height":500,"caption":"Bureau des Guides de Meg\u00e8ve"},"image":{"@id":"https:\/\/guides-megeve.com\/en\/#\/schema\/logo\/image\/"},"sameAs":["https:\/\/www.facebook.com\/profile.php?id=100063637980583","https:\/\/www.instagram.com\/guidesdemegeve\/"]}]}},"_links":{"self":[{"href":"https:\/\/guides-megeve.com\/en\/wp-json\/wp\/v2\/pages\/1078","targetHints":{"allow":["GET"]}}],"collection":[{"href":"https:\/\/guides-megeve.com\/en\/wp-json\/wp\/v2\/pages"}],"about":[{"href":"https:\/\/guides-megeve.com\/en\/wp-json\/wp\/v2\/types\/page"}],"author":[{"embeddable":true,"href":"https:\/\/guides-megeve.com\/en\/wp-json\/wp\/v2\/users\/1"}],"replies":[{"embeddable":true,"href":"https:\/\/guides-megeve.com\/en\/wp-json\/wp\/v2\/comments?post=1078"}],"version-history":[{"count":0,"href":"https:\/\/guides-megeve.com\/en\/wp-json\/wp\/v2\/pages\/1078\/revisions"}],"wp:attachment":[{"href":"https:\/\/guides-megeve.com\/en\/wp-json\/wp\/v2\/media?parent=1078"}],"curies":[{"name":"wp","href":"https:\/\/api.w.org\/{rel}","templated":true}]}}